

{"id":7868,"date":"2018-05-20T22:31:36","date_gmt":"2018-05-20T21:31:36","guid":{"rendered":"http:\/\/zbrush.dpi.upv.es\/wordpress\/?page_id=7868"},"modified":"2018-10-08T22:29:01","modified_gmt":"2018-10-08T21:29:01","slug":"proteccion-datos-politica-privacidad","status":"publish","type":"page","link":"https:\/\/zbrush.dpi.upv.es\/wordpress\/proteccion-datos-politica-privacidad\/","title":{"rendered":"Protecci\u00f3n de datos y pol\u00edtica de privacidad"},"content":{"rendered":"<p><div class=\"fusion-fullwidth fullwidth-box fusion-builder-row-1 nonhundred-percent-fullwidth non-hundred-percent-height-scrolling\" style=\"--awb-border-radius-top-left:0px;--awb-border-radius-top-right:0px;--awb-border-radius-bottom-right:0px;--awb-border-radius-bottom-left:0px;--awb-flex-wrap:wrap;\" ><div class=\"fusion-builder-row fusion-row\"><div class=\"fusion-layout-column fusion_builder_column fusion-builder-column-0 fusion_builder_column_1_1 1_1 fusion-one-full fusion-column-first fusion-column-last\" style=\"--awb-bg-size:cover;\"><div class=\"fusion-column-wrapper fusion-flex-column-wrapper-legacy\"><div class=\"fusion-title title fusion-title-1 fusion-title-text fusion-title-size-one\" style=\"--awb-sep-color:#005b8c;\"><h1 class=\"fusion-title-heading title-heading-left\" style=\"margin:0;\"><span style=\"color: #005b8c;\">Protecci\u00f3n de Datos y Pol\u00edtica de Privacidad<\/span><\/h1><span class=\"awb-title-spacer\"><\/span><div class=\"title-sep-container\"><div class=\"title-sep sep-single sep-solid\" style=\"border-color:#005b8c;\"><\/div><\/div><\/div><div class=\"fusion-clearfix\"><\/div><\/div><\/div><\/div><\/div><div class=\"fusion-fullwidth fullwidth-box fusion-builder-row-2 nonhundred-percent-fullwidth non-hundred-percent-height-scrolling\" style=\"--awb-border-radius-top-left:0px;--awb-border-radius-top-right:0px;--awb-border-radius-bottom-right:0px;--awb-border-radius-bottom-left:0px;--awb-flex-wrap:wrap;\" ><div class=\"fusion-builder-row fusion-row\"><div class=\"fusion-layout-column fusion_builder_column fusion-builder-column-1 fusion_builder_column_1_1 1_1 fusion-one-full fusion-column-first fusion-column-last\" style=\"--awb-bg-size:cover;\"><div class=\"fusion-column-wrapper fusion-flex-column-wrapper-legacy\"><div class=\"fusion-text fusion-text-1\"><p style=\"text-align: justify;\">ZBRUSHERS es un sitio web divulgativo sin fines comerciales y tiene una pol\u00edtica muy definida sobre la privacidad de los datos personales. Los datos requeridos en los formularios de contacto, registro en el blog u otros espacios de la web se emplean exclusivamente para la gesti\u00f3n y administraci\u00f3n del sitio web y, en alg\u00fan caso, para el env\u00edo de informaci\u00f3n de inter\u00e9s sobre los servicios ofrecidos por ZBRUSHERS. Salvo requerimiento legal, estos datos nunca ser\u00e1n cedidos a&nbsp; terceros.<\/p>\n<p style=\"text-align: justify;\">Los datos de car\u00e1cter personal recogidos en el sitio ZBRUSHERS ser\u00e1n objeto de tratamiento automatizado e incorporados a sus ficheros automatizados, siendo titular y responsable de sus propios ficheros.<\/p>\n<p style=\"text-align: justify;\">Es compromiso de ZBRUSHERS mantener la confidencialidad de los datos de sus usuarios y visitantes cumpliendo con todos los requisitos legales en vigor. El sitio web ZBRUSHERS cumple con el Reglamento (UE) 2016\/679 del Parlamento Europeo y del Consejo de 27 de abril de 2016 relativo a la protecci\u00f3n de las personas f\u00edsicas (RGPD). De acuerdo a lo establecido en la legislaci\u00f3n vigente, ZBRUSHERS se compromete al cumplimiento de la obligaci\u00f3n de secreto de los datos de car\u00e1cter personal y su deber de guardarlos y adoptar\u00e1 las medidas necesarias para evitar su alteraci\u00f3n, p\u00e9rdida, tratamiento o acceso no autorizado, de acuerdo en todo momento con el estado de la tecnolog\u00eda.<\/p>\n<\/div><div class=\"fusion-alert alert custom alert-custom fusion-alert-center awb-alert-native-link-color\" style=\"--awb-background-color:rgba(255,153,0,0.28);--awb-accent-color:#808080;--awb-border-top-left-radius:0px;--awb-border-top-right-radius:0px;--awb-border-bottom-left-radius:0px;--awb-border-bottom-right-radius:0px;\" role=\"alert\"><div class=\"fusion-alert-content-wrapper\"><span class=\"fusion-alert-content\"><p style=\"text-align: justify;\">ZBRUSHERS garantiza que:<\/p>\n<ul>\n<li style=\"text-align: justify;\">\u00danicamente solicitar\u00e1 los datos necesarios para la adecuada relaci\u00f3n con sus usuarios.<\/li>\n<li style=\"text-align: justify;\">Salvo requerimiento legal o autorizaci\u00f3n expresa, los datos de los usuarios nunca ser\u00e1n cedidos a terceros.<\/li>\n<li style=\"text-align: justify;\">Los datos ser\u00e1n empleados con la finalidad descrita en la presente Pol\u00edtica de Privacidad.<\/li>\n<\/ul><\/span><\/div><\/div><div class=\"fusion-sep-clear\"><\/div><div class=\"fusion-separator fusion-full-width-sep\" style=\"margin-left: auto;margin-right: auto;width:100%;\"><div class=\"fusion-separator-border sep-single sep-solid\" style=\"--awb-height:20px;--awb-amount:20px;--awb-sep-color:#607d8b;border-color:#607d8b;border-top-width:1px;\"><\/div><\/div><div class=\"fusion-sep-clear\"><\/div><div class=\"fusion-clearfix\"><\/div><\/div><\/div><\/div><\/div><div class=\"fusion-fullwidth fullwidth-box fusion-builder-row-3 nonhundred-percent-fullwidth non-hundred-percent-height-scrolling\" style=\"--awb-border-radius-top-left:0px;--awb-border-radius-top-right:0px;--awb-border-radius-bottom-right:0px;--awb-border-radius-bottom-left:0px;--awb-flex-wrap:wrap;\" ><div class=\"fusion-builder-row fusion-row\"><div class=\"fusion-layout-column fusion_builder_column fusion-builder-column-2 fusion_builder_column_1_1 1_1 fusion-one-full fusion-column-first fusion-column-last\" style=\"--awb-bg-size:cover;\"><div class=\"fusion-column-wrapper fusion-flex-column-wrapper-legacy\"><div class=\"fusion-text fusion-text-2\"><p><strong>RESPONSABILIDAD DE LOS DATOS<\/strong><\/p>\n<ul>\n<li><strong>Responsable:<\/strong>&nbsp;Jorge Alcaide Marzal<\/li>\n<li><strong>Nombre comercial:<\/strong>&nbsp;ZBrushers- Universidad Polit\u00e9cnica de Valencia<\/li>\n<li><strong>CIF:<\/strong>&nbsp;Q4618002B<\/li>\n<li><strong>Direcci\u00f3n:<\/strong>&nbsp;Camino de Vera s\/n, 46022 &#8211; Valencia<\/li>\n<li><strong>Correo electr\u00f3nico:<\/strong>&nbsp;<a href=\"mailto:zbrushers@dpi.upv.es\">zbrushers@dpi.upv.es<\/a><\/li>\n<li><strong>Actividad:<\/strong>&nbsp;Divulgaci\u00f3n y actividades formativas relacionadas con&nbsp;la escultura digital y el modelado 3D<\/li>\n<\/ul>\n<\/div><div class=\"fusion-sep-clear\"><\/div><div class=\"fusion-separator fusion-full-width-sep\" style=\"margin-left: auto;margin-right: auto;width:100%;\"><div class=\"fusion-separator-border sep-single sep-solid\" style=\"--awb-height:20px;--awb-amount:20px;--awb-sep-color:#607d8b;border-color:#607d8b;border-top-width:1px;\"><\/div><\/div><div class=\"fusion-sep-clear\"><\/div><div class=\"fusion-clearfix\"><\/div><\/div><\/div><\/div><\/div><div class=\"fusion-fullwidth fullwidth-box fusion-builder-row-4 nonhundred-percent-fullwidth non-hundred-percent-height-scrolling\" style=\"--awb-border-radius-top-left:0px;--awb-border-radius-top-right:0px;--awb-border-radius-bottom-right:0px;--awb-border-radius-bottom-left:0px;--awb-flex-wrap:wrap;\" ><div class=\"fusion-builder-row fusion-row\"><div class=\"fusion-layout-column fusion_builder_column fusion-builder-column-3 fusion_builder_column_1_1 1_1 fusion-one-full fusion-column-first fusion-column-last\" style=\"--awb-bg-size:cover;\"><div class=\"fusion-column-wrapper fusion-flex-column-wrapper-legacy\"><div class=\"fusion-text fusion-text-3\"><p style=\"text-align: justify;\"><strong>FINALIDAD DE LOS DATOS PERSONALES<\/strong><\/p>\n<p style=\"text-align: justify;\">ZBrushers solicita datos personales cuando un usuario se suscribe al blog, realiza un comentario en una entrada o se registra como usuario de los foros. La informaci\u00f3n personal m\u00e1s relevante suele incluir nombre y correo electr\u00f3nico, aunque en alg\u00fan&nbsp; caso pueden requerirse otros datos. Dichos datos son necesarios para hacer llegar al usuario informaci\u00f3n relevante (por ejemplo, al suscribirse al blog) o para establecer los protocolos correspondientes el la relaci\u00f3n del usuario con ZBrushers (por ejemplo, cuando el usuario crea una cuenta de acceso a los foros). Cuando el usuario proporciona esa informaci\u00f3n, da su consentimiento para que la misma sea empleada de acuerdo con lo descrito en el Aviso Legal y en la Pol\u00edtica de Privacidad.<\/p>\n<p><span style=\"color: #808080;\"><strong>\u00bfPor cu\u00e1nto tiempo conservaremos estos datos?<\/strong><\/span><\/p>\n<p>Los datos aportados se conservar\u00e1n mientras perdure la finalidad de los mismos (suscripci\u00f3n al blog, a los foros u otros espacios) o bien hasta que el usuario reclame su supresi\u00f3n.&nbsp;&nbsp;<\/p>\n<\/div><div class=\"fusion-sep-clear\"><\/div><div class=\"fusion-separator fusion-full-width-sep\" style=\"margin-left: auto;margin-right: auto;width:100%;\"><div class=\"fusion-separator-border sep-single sep-solid\" style=\"--awb-height:20px;--awb-amount:20px;--awb-sep-color:#607d8b;border-color:#607d8b;border-top-width:1px;\"><\/div><\/div><div class=\"fusion-sep-clear\"><\/div><div class=\"fusion-clearfix\"><\/div><\/div><\/div><\/div><\/div><div class=\"fusion-fullwidth fullwidth-box fusion-builder-row-5 nonhundred-percent-fullwidth non-hundred-percent-height-scrolling\" style=\"--awb-border-radius-top-left:0px;--awb-border-radius-top-right:0px;--awb-border-radius-bottom-right:0px;--awb-border-radius-bottom-left:0px;--awb-flex-wrap:wrap;\" ><div class=\"fusion-builder-row fusion-row\"><div class=\"fusion-layout-column fusion_builder_column fusion-builder-column-4 fusion_builder_column_1_1 1_1 fusion-one-full fusion-column-first fusion-column-last\" style=\"--awb-bg-size:cover;\"><div class=\"fusion-column-wrapper fusion-flex-column-wrapper-legacy\"><div class=\"fusion-text fusion-text-4\"><p style=\"text-align: justify;\"><strong>LEGITIMACI\u00d3N<\/strong><\/p>\n<p style=\"text-align: justify;\">Dado que no se establece ning\u00fan tipo de contrato ni relaci\u00f3n comercial entre ZBrushers y el usuario, el uso de los datos personales facilitados por el mismo tiene como base legal (es decir, queda legitimado) por el consentimiento del usuario. Para poder participar el el blog o en otras secciones de la web es necesario el uso de dichos datos, y el usuario faculta a ZBrushers a hacerlo a trav\u00e9s de autorizaci\u00f3n expresa al aportarlos mediante formulario u otro medio.<\/p>\n<\/div><div class=\"fusion-sep-clear\"><\/div><div class=\"fusion-separator fusion-full-width-sep\" style=\"margin-left: auto;margin-right: auto;width:100%;\"><div class=\"fusion-separator-border sep-single sep-solid\" style=\"--awb-height:20px;--awb-amount:20px;--awb-sep-color:#607d8b;border-color:#607d8b;border-top-width:1px;\"><\/div><\/div><div class=\"fusion-sep-clear\"><\/div><div class=\"fusion-clearfix\"><\/div><\/div><\/div><\/div><\/div><div class=\"fusion-fullwidth fullwidth-box fusion-builder-row-6 nonhundred-percent-fullwidth non-hundred-percent-height-scrolling\" style=\"--awb-border-radius-top-left:0px;--awb-border-radius-top-right:0px;--awb-border-radius-bottom-right:0px;--awb-border-radius-bottom-left:0px;--awb-flex-wrap:wrap;\" ><div class=\"fusion-builder-row fusion-row\"><div class=\"fusion-layout-column fusion_builder_column fusion-builder-column-5 fusion_builder_column_1_1 1_1 fusion-one-full fusion-column-first fusion-column-last\" style=\"--awb-bg-size:cover;\"><div class=\"fusion-column-wrapper fusion-flex-column-wrapper-legacy\"><div class=\"fusion-text fusion-text-5\"><p style=\"text-align: justify;\"><strong>DESTINATARIOS<\/strong><\/p>\n<p style=\"text-align: justify;\">Los datos aportados por el usuario ser\u00e1n \u00fanicamente tratados por ZBrushers y con la finalidad descrita previamente. Salvo requerimiento legal, los datos solicitados nunca ser\u00e1n cedidos a terceras partes.<\/p>\n<p style=\"text-align: justify;\">Al navegar por las p\u00e1ginas de ZBrushers, ciertos datos pueden ser recabados a trav\u00e9s de cookies por aplicaciones externas (para m\u00e1s informaci\u00f3n se puede consultar la Pol\u00edtica de Cookies). En particular, en p\u00e1ginas con elementos relacionados con aplicaciones de Google (una p\u00e1gina con un mapa de Google Maps incrustado, o con un v\u00eddeo de YouTube). La aceptaci\u00f3n de la Pol\u00edtica de Cookies implica que el usuario conoce y autoriza el uso de las mismas. Igualmente, ZBrushers utiliza Google Analytics y Search Console como servicios de an\u00e1lisis de uso del sitio. La informaci\u00f3n proporcionada se emplea para analizar tendencias, identificar la forma en que el usuario navega por el sitio (por ejemplo, para detectar temas de mayor inter\u00e9s) y conocer la forma de acceso (zonas de procedencia, o fechas de acceso al sitio).<\/p>\n<\/div><div class=\"fusion-sep-clear\"><\/div><div class=\"fusion-separator fusion-full-width-sep\" style=\"margin-left: auto;margin-right: auto;width:100%;\"><div class=\"fusion-separator-border sep-single sep-solid\" style=\"--awb-height:20px;--awb-amount:20px;--awb-sep-color:#607d8b;border-color:#607d8b;border-top-width:1px;\"><\/div><\/div><div class=\"fusion-sep-clear\"><\/div><div class=\"fusion-clearfix\"><\/div><\/div><\/div><\/div><\/div><div class=\"fusion-fullwidth fullwidth-box fusion-builder-row-7 nonhundred-percent-fullwidth non-hundred-percent-height-scrolling\" style=\"--awb-border-radius-top-left:0px;--awb-border-radius-top-right:0px;--awb-border-radius-bottom-right:0px;--awb-border-radius-bottom-left:0px;--awb-flex-wrap:wrap;\" ><div class=\"fusion-builder-row fusion-row\"><div class=\"fusion-layout-column fusion_builder_column fusion-builder-column-6 fusion_builder_column_1_1 1_1 fusion-one-full fusion-column-first fusion-column-last\" style=\"--awb-bg-size:cover;\"><div class=\"fusion-column-wrapper fusion-flex-column-wrapper-legacy\"><div class=\"fusion-text fusion-text-6\"><p style=\"text-align: justify;\"><strong>DERECHOS DEL USUARIO<\/strong><\/p>\n<p style=\"text-align: justify;\">Cualquier usuario de ZBrushers (y de cualquier otra web en la UE, por otra parte) est\u00e1 amparado por los siguientes derechos:<\/p>\n<ul style=\"text-align: justify;\">\n<li>Derecho a solicitar el acceso a los datos personales relativos a su persona<\/li>\n<li>Derecho a solicitar su rectificaci\u00f3n o supresi\u00f3n<\/li>\n<li>Derecho a solicitar la limitaci\u00f3n de su tratamiento<\/li>\n<li>Derecho a oponerse al tratamiento<\/li>\n<li>Derecho a la portabilidad de los datos<\/li>\n<\/ul>\n<p style=\"text-align: justify;\">En determinadas circunstancias, los interesados podr\u00e1n solicitar la limitaci\u00f3n del tratamiento de sus datos, en cuyo caso \u00fanicamente los conservaremos para el ejercicio o la defensa de reclamaciones. Del mismo modo, en determinadas circunstancias y por motivos relacionados con su situaci\u00f3n particular, los interesados podr\u00e1n oponerse al tratamiento de sus datos. ZBrushers dejar\u00e1 de tratar los datos, salvo por motivos leg\u00edtimos imperiosos, o el ejercicio o la defensa de posibles reclamaciones.<\/p>\n<p style=\"text-align: justify;\">El ejercicio de estos derechos puede llevarse a cabo remitiendo un correo electr\u00f3nico a la direcci\u00f3n del responsable de los mismos:&nbsp;<a href=\"mailto:jalcaide@dpi.upv.es\">zbrushers@dpi.upv.es<\/a><\/p>\n<\/div><div class=\"fusion-sep-clear\"><\/div><div class=\"fusion-separator fusion-full-width-sep\" style=\"margin-left: auto;margin-right: auto;width:100%;\"><div class=\"fusion-separator-border sep-single sep-solid\" style=\"--awb-height:20px;--awb-amount:20px;--awb-sep-color:#607d8b;border-color:#607d8b;border-top-width:1px;\"><\/div><\/div><div class=\"fusion-sep-clear\"><\/div><div class=\"fusion-clearfix\"><\/div><\/div><\/div><\/div><\/div><\/p>\n","protected":false},"excerpt":{"rendered":"","protected":false},"author":1,"featured_media":0,"parent":0,"menu_order":0,"comment_status":"closed","ping_status":"closed","template":"","meta":{"_bbp_topic_count":0,"_bbp_reply_count":0,"_bbp_total_topic_count":0,"_bbp_total_reply_count":0,"_bbp_voice_count":0,"_bbp_anonymous_reply_count":0,"_bbp_topic_count_hidden":0,"_bbp_reply_count_hidden":0,"_bbp_forum_subforum_count":0,"_eb_attr":"","ngg_post_thumbnail":0,"footnotes":""},"class_list":["post-7868","page","type-page","status-publish","hentry"],"yoast_head":"<!-- This site is optimized with the Yoast SEO plugin v26.1.1 - https:\/\/yoast.com\/wordpress\/plugins\/seo\/ -->\n<title>Protecci\u00f3n de datos y pol\u00edtica de privacidad - Cursos ZBrush UPV<\/title>\n<meta name=\"robots\" content=\"index, follow, max-snippet:-1, max-image-preview:large, max-video-preview:-1\" \/>\n<link rel=\"canonical\" href=\"https:\/\/zbrush.dpi.upv.es\/wordpress\/proteccion-datos-politica-privacidad\/\" class=\"yoast-seo-meta-tag\" \/>\n<meta property=\"og:locale\" content=\"es_ES\" class=\"yoast-seo-meta-tag\" \/>\n<meta property=\"og:type\" content=\"article\" class=\"yoast-seo-meta-tag\" \/>\n<meta property=\"og:title\" content=\"Protecci\u00f3n de datos y pol\u00edtica de privacidad - Cursos ZBrush UPV\" class=\"yoast-seo-meta-tag\" \/>\n<meta property=\"og:url\" content=\"https:\/\/zbrush.dpi.upv.es\/wordpress\/proteccion-datos-politica-privacidad\/\" class=\"yoast-seo-meta-tag\" \/>\n<meta property=\"og:site_name\" content=\"Cursos ZBrush UPV\" class=\"yoast-seo-meta-tag\" \/>\n<meta property=\"article:modified_time\" content=\"2018-10-08T21:29:01+00:00\" class=\"yoast-seo-meta-tag\" \/>\n<meta name=\"twitter:card\" content=\"summary_large_image\" class=\"yoast-seo-meta-tag\" \/>\n<meta name=\"twitter:label1\" content=\"Tiempo de lectura\" class=\"yoast-seo-meta-tag\" \/>\n\t<meta name=\"twitter:data1\" content=\"13 minutos\" class=\"yoast-seo-meta-tag\" \/>\n<script type=\"application\/ld+json\" class=\"yoast-schema-graph\">{\"@context\":\"https:\/\/schema.org\",\"@graph\":[{\"@type\":\"WebPage\",\"@id\":\"https:\/\/zbrush.dpi.upv.es\/wordpress\/proteccion-datos-politica-privacidad\/\",\"url\":\"https:\/\/zbrush.dpi.upv.es\/wordpress\/proteccion-datos-politica-privacidad\/\",\"name\":\"Protecci\u00f3n de datos y pol\u00edtica de privacidad - Cursos ZBrush UPV\",\"isPartOf\":{\"@id\":\"https:\/\/zbrush.dpi.upv.es\/wordpress\/#website\"},\"datePublished\":\"2018-05-20T21:31:36+00:00\",\"dateModified\":\"2018-10-08T21:29:01+00:00\",\"breadcrumb\":{\"@id\":\"https:\/\/zbrush.dpi.upv.es\/wordpress\/proteccion-datos-politica-privacidad\/#breadcrumb\"},\"inLanguage\":\"es\",\"potentialAction\":[{\"@type\":\"ReadAction\",\"target\":[\"https:\/\/zbrush.dpi.upv.es\/wordpress\/proteccion-datos-politica-privacidad\/\"]}]},{\"@type\":\"BreadcrumbList\",\"@id\":\"https:\/\/zbrush.dpi.upv.es\/wordpress\/proteccion-datos-politica-privacidad\/#breadcrumb\",\"itemListElement\":[{\"@type\":\"ListItem\",\"position\":1,\"name\":\"Portada\",\"item\":\"https:\/\/zbrush.dpi.upv.es\/wordpress\/\"},{\"@type\":\"ListItem\",\"position\":2,\"name\":\"Protecci\u00f3n de datos y pol\u00edtica de privacidad\"}]},{\"@type\":\"WebSite\",\"@id\":\"https:\/\/zbrush.dpi.upv.es\/wordpress\/#website\",\"url\":\"https:\/\/zbrush.dpi.upv.es\/wordpress\/\",\"name\":\"Cursos ZBrush UPV\",\"description\":\"P\u00e1gina de Jorge Alcaide sobre ZBrush y Digital Sculpting\",\"potentialAction\":[{\"@type\":\"SearchAction\",\"target\":{\"@type\":\"EntryPoint\",\"urlTemplate\":\"https:\/\/zbrush.dpi.upv.es\/wordpress\/?s={search_term_string}\"},\"query-input\":{\"@type\":\"PropertyValueSpecification\",\"valueRequired\":true,\"valueName\":\"search_term_string\"}}],\"inLanguage\":\"es\"}]}<\/script>\n<!-- \/ Yoast SEO plugin. -->","yoast_head_json":{"title":"Protecci\u00f3n de datos y pol\u00edtica de privacidad - Cursos ZBrush UPV","robots":{"index":"index","follow":"follow","max-snippet":"max-snippet:-1","max-image-preview":"max-image-preview:large","max-video-preview":"max-video-preview:-1"},"canonical":"https:\/\/zbrush.dpi.upv.es\/wordpress\/proteccion-datos-politica-privacidad\/","og_locale":"es_ES","og_type":"article","og_title":"Protecci\u00f3n de datos y pol\u00edtica de privacidad - Cursos ZBrush UPV","og_url":"https:\/\/zbrush.dpi.upv.es\/wordpress\/proteccion-datos-politica-privacidad\/","og_site_name":"Cursos ZBrush UPV","article_modified_time":"2018-10-08T21:29:01+00:00","twitter_card":"summary_large_image","twitter_misc":{"Tiempo de lectura":"13 minutos"},"schema":{"@context":"https:\/\/schema.org","@graph":[{"@type":"WebPage","@id":"https:\/\/zbrush.dpi.upv.es\/wordpress\/proteccion-datos-politica-privacidad\/","url":"https:\/\/zbrush.dpi.upv.es\/wordpress\/proteccion-datos-politica-privacidad\/","name":"Protecci\u00f3n de datos y pol\u00edtica de privacidad - Cursos ZBrush UPV","isPartOf":{"@id":"https:\/\/zbrush.dpi.upv.es\/wordpress\/#website"},"datePublished":"2018-05-20T21:31:36+00:00","dateModified":"2018-10-08T21:29:01+00:00","breadcrumb":{"@id":"https:\/\/zbrush.dpi.upv.es\/wordpress\/proteccion-datos-politica-privacidad\/#breadcrumb"},"inLanguage":"es","potentialAction":[{"@type":"ReadAction","target":["https:\/\/zbrush.dpi.upv.es\/wordpress\/proteccion-datos-politica-privacidad\/"]}]},{"@type":"BreadcrumbList","@id":"https:\/\/zbrush.dpi.upv.es\/wordpress\/proteccion-datos-politica-privacidad\/#breadcrumb","itemListElement":[{"@type":"ListItem","position":1,"name":"Portada","item":"https:\/\/zbrush.dpi.upv.es\/wordpress\/"},{"@type":"ListItem","position":2,"name":"Protecci\u00f3n de datos y pol\u00edtica de privacidad"}]},{"@type":"WebSite","@id":"https:\/\/zbrush.dpi.upv.es\/wordpress\/#website","url":"https:\/\/zbrush.dpi.upv.es\/wordpress\/","name":"Cursos ZBrush UPV","description":"P\u00e1gina de Jorge Alcaide sobre ZBrush y Digital Sculpting","potentialAction":[{"@type":"SearchAction","target":{"@type":"EntryPoint","urlTemplate":"https:\/\/zbrush.dpi.upv.es\/wordpress\/?s={search_term_string}"},"query-input":{"@type":"PropertyValueSpecification","valueRequired":true,"valueName":"search_term_string"}}],"inLanguage":"es"}]}},"_links":{"self":[{"href":"https:\/\/zbrush.dpi.upv.es\/wordpress\/wp-json\/wp\/v2\/pages\/7868","targetHints":{"allow":["GET"]}}],"collection":[{"href":"https:\/\/zbrush.dpi.upv.es\/wordpress\/wp-json\/wp\/v2\/pages"}],"about":[{"href":"https:\/\/zbrush.dpi.upv.es\/wordpress\/wp-json\/wp\/v2\/types\/page"}],"author":[{"embeddable":true,"href":"https:\/\/zbrush.dpi.upv.es\/wordpress\/wp-json\/wp\/v2\/users\/1"}],"replies":[{"embeddable":true,"href":"https:\/\/zbrush.dpi.upv.es\/wordpress\/wp-json\/wp\/v2\/comments?post=7868"}],"version-history":[{"count":16,"href":"https:\/\/zbrush.dpi.upv.es\/wordpress\/wp-json\/wp\/v2\/pages\/7868\/revisions"}],"predecessor-version":[{"id":8013,"href":"https:\/\/zbrush.dpi.upv.es\/wordpress\/wp-json\/wp\/v2\/pages\/7868\/revisions\/8013"}],"wp:attachment":[{"href":"https:\/\/zbrush.dpi.upv.es\/wordpress\/wp-json\/wp\/v2\/media?parent=7868"}],"curies":[{"name":"wp","href":"https:\/\/api.w.org\/{rel}","templated":true}]}}