

{"id":5091,"date":"2015-07-27T17:41:10","date_gmt":"2015-07-27T16:41:10","guid":{"rendered":"http:\/\/zbrush.dpi.upv.es\/wordpress\/?page_id=5091"},"modified":"2018-03-24T14:55:21","modified_gmt":"2018-03-24T13:55:21","slug":"escultura-digital-con-zbrush-escultura-ii","status":"publish","type":"page","link":"https:\/\/zbrush.dpi.upv.es\/wordpress\/cursos\/escultura-digital-con-zbrush-escultura-ii\/","title":{"rendered":"Escultura Digital con ZBrush: Escultura II"},"content":{"rendered":"<p><div class=\"fusion-fullwidth fullwidth-box fusion-builder-row-1 nonhundred-percent-fullwidth non-hundred-percent-height-scrolling\" style=\"--awb-background-position:left top;--awb-border-radius-top-left:0px;--awb-border-radius-top-right:0px;--awb-border-radius-bottom-right:0px;--awb-border-radius-bottom-left:0px;--awb-padding-top:40px;--awb-padding-bottom:10px;--awb-background-color:#424242;--awb-border-sizes-top:0px;--awb-border-sizes-bottom:0px;--awb-flex-wrap:wrap;\" ><div class=\"fusion-builder-row fusion-row\"><div class=\"fusion-layout-column fusion_builder_column fusion-builder-column-0 fusion_builder_column_1_1 1_1 fusion-one-full fusion-column-first fusion-column-last fusion-column-no-min-height\" style=\"--awb-bg-size:cover;--awb-margin-bottom:0px;\"><div class=\"fusion-column-wrapper fusion-flex-column-wrapper-legacy\"><div class=\"fusion-text fusion-text-1\"><p><span style=\"font-size: 28px; color: #ffffff;\">\u00bfYa controlas ZBrush a nivel b\u00e1sico?\u00bfQu\u00e9 tal a\u00f1adir un poco de &#8220;hard surface sculpting&#8221;?<\/span><\/p>\n<\/div><div class=\"fusion-clearfix\"><\/div><\/div><\/div><\/div><\/div><div class=\"fusion-fullwidth fullwidth-box fusion-builder-row-2 nonhundred-percent-fullwidth non-hundred-percent-height-scrolling fusion-equal-height-columns\" style=\"--awb-background-position:left top;--awb-border-radius-top-left:0px;--awb-border-radius-top-right:0px;--awb-border-radius-bottom-right:0px;--awb-border-radius-bottom-left:0px;--awb-padding-top:40px;--awb-padding-right:0px;--awb-padding-bottom:0px;--awb-padding-left:0px;--awb-background-color:#ffffff;--awb-border-sizes-top:0px;--awb-border-sizes-bottom:0px;--awb-flex-wrap:wrap;\" ><div class=\"fusion-builder-row fusion-row\"><div class=\"fusion-layout-column fusion_builder_column fusion-builder-column-1 fusion_builder_column_1_2 1_2 fusion-one-half fusion-column-first\" style=\"--awb-bg-size:cover;width:48%; margin-right: 4%;\"><div class=\"fusion-column-wrapper fusion-flex-column-wrapper-legacy\"><div class=\"fusion-text fusion-text-2\"><p><span style=\"font-size: 24px; color: #ff6600;\">De las herramientas de bocetado de conceptos (pinceles b\u00e1sicos para hard surfaces como los <strong>Trim<\/strong>, <strong>Polish<\/strong> o <strong>Planar<\/strong>) hasta el uso de <strong>ZModeler<\/strong> como modelador poligonal y como complemento de otras t\u00e9cnicas, pasando por todas las t\u00e9cnicas basadas en <strong>poligrupos<\/strong> y <strong>Edge Loops<\/strong>.<\/span><\/p>\n<\/div><div class=\"fusion-clearfix\"><\/div><\/div><\/div><div class=\"fusion-layout-column fusion_builder_column fusion-builder-column-2 fusion_builder_column_1_2 1_2 fusion-one-half fusion-column-last\" style=\"--awb-bg-size:cover;--awb-margin-bottom:0px;width:48%;\"><div class=\"fusion-column-wrapper fusion-flex-column-wrapper-legacy\"><div id=\"wpfp_11c9158ff41fb82e81b61a020b02b8dc\" data-item=\"{&quot;sources&quot;:[{&quot;src&quot;:&quot;https:\\\/\\\/politube.upv.es\\\/uploads\\\/cebf577462d471483e99c1d9a4e57bd0.mp4&quot;,&quot;type&quot;:&quot;video\\\/mp4&quot;}],&quot;splash&quot;:&quot;http:\\\/\\\/zbrush.dpi.upv.es\\\/wordpress\\\/wp-content\\\/uploads\\\/2015\\\/07\\\/Portada-Escultura-II.jpg&quot;}\" class=\"flowplayer no-brand is-splash is-paused skin-slim no-svg fp-slim fp-edgy\" data-fv-embed=\"https:\/\/zbrush.dpi.upv.es\/wordpress\/cursos\/escultura-digital-con-zbrush-escultura-ii\/fvp\/\" style=\"position:relative; max-width: 393px; max-height: 350px; \" data-ratio=\"0.8906\">\n\t<div class=\"fp-ratio\" style=\"padding-top: 89.06%\"><\/div>\n\t<img decoding=\"async\" class=\"fp-splash\" alt=\"video\" src=\"http:\/\/zbrush.dpi.upv.es\/wordpress\/wp-content\/uploads\/2015\/07\/Portada-Escultura-II.jpg\" style=\"position:absolute;top:0;width:100%\" \/>\n\t<div class=\"fp-ui\"><noscript>Please enable JavaScript<\/noscript><div class=\"fp-play fp-visible\"><svg class=\"fp-play-sharp-fill\" xmlns=\"http:\/\/www.w3.org\/2000\/svg\" viewBox=\"0 0 100 100\"><defs><style>.fp-color-play{opacity:0.65;}.controlbutton{fill:#fff;}<\/style><\/defs><title>play-sharp-fill<\/title><path class=\"fp-color-play\" d=\"M49.9217-.078a50,50,0,1,0,50,50A50.0564,50.0564,0,0,0,49.9217-.078Z\"\/><polygon class=\"controlbutton\" points=\"73.601 50 37.968 70.573 37.968 29.427 73.601 50\" filter=\"url(#f1)\"\/><\/svg><\/div><div class=\"fp-preload\"><b><\/b><b><\/b><b><\/b><b><\/b><\/div><\/div>\n<div class='fvp-share-bar'><ul class=\"fvp-sharing\">\r\n    <li><a class=\"sharing-facebook\" href=\"https:\/\/www.facebook.com\/sharer\/sharer.php?u=https%3A%2F%2Fzbrush.dpi.upv.es%2Fwordpress%2Fcursos%2Fescultura-digital-con-zbrush-escultura-ii%2F\" target=\"_blank\"><\/a><\/li>\r\n    <li><a class=\"sharing-twitter\" href=\"https:\/\/twitter.com\/intent\/tweet?text=Cursos+ZBrush+UPV+&url=https%3A%2F%2Fzbrush.dpi.upv.es%2Fwordpress%2Fcursos%2Fescultura-digital-con-zbrush-escultura-ii%2F\" target=\"_blank\"><\/a><\/li>\r\n    <li><a class=\"sharing-email\" href=\"mailto:?body=Echa%20un%20vistazo%20a%20este%20v%C3%ADdeo%21%21%21%3A%20https%3A%2F%2Fzbrush.dpi.upv.es%2Fwordpress%2Fcursos%2Fescultura-digital-con-zbrush-escultura-ii%2F\" target=\"_blank\"><\/a><\/li><\/ul><div><a class=\"sharing-link\" href=\"https:\/\/zbrush.dpi.upv.es\/wordpress\/cursos\/escultura-digital-con-zbrush-escultura-ii\/\" target=\"_blank\">Link<\/a><\/div><div><label><a class=\"embed-code-toggle\" href=\"#\"><strong>Embed<\/strong><\/a><\/label><\/div><div class=\"embed-code\"><label>Copy and paste this HTML code into your webpage to embed.<\/label><textarea><\/textarea><\/div><\/div>\n<\/div>\n<div class=\"fusion-clearfix\"><\/div><\/div><\/div><\/div><\/div><div class=\"fusion-fullwidth fullwidth-box fusion-builder-row-3 fusion-parallax-fixed nonhundred-percent-fullwidth non-hundred-percent-height-scrolling\" style=\"--awb-background-position:right bottom;--awb-border-radius-top-left:0px;--awb-border-radius-top-right:0px;--awb-border-radius-bottom-right:0px;--awb-border-radius-bottom-left:0px;--awb-padding-top:20px;--awb-padding-right:0px;--awb-padding-bottom:20px;--awb-padding-left:0px;--awb-background-image:url(&quot;http:\/\/zbrush.dpi.upv.es\/wordpress\/wp-content\/uploads\/2015\/07\/fromistabackgroundwhite.jpg&quot;);--awb-background-size:cover;--awb-border-sizes-top:0px;--awb-border-sizes-bottom:0px;--awb-flex-wrap:wrap;background-attachment:fixed;\" ><div class=\"fusion-builder-row fusion-row\"><div class=\"fusion-layout-column fusion_builder_column fusion-builder-column-3 fusion_builder_column_1_1 1_1 fusion-one-full fusion-column-first fusion-column-last\" style=\"--awb-padding-top:10px;--awb-padding-right:10px;--awb-padding-bottom:10px;--awb-padding-left:10px;--awb-bg-color:#ffffff;--awb-bg-color-hover:#ffffff;--awb-bg-size:cover;--awb-border-color:#ff6600;--awb-border-top:1px;--awb-border-right:1px;--awb-border-bottom:1px;--awb-border-left:1px;--awb-border-style:solid;\"><div class=\"fusion-column-wrapper fusion-flex-column-wrapper-legacy\"><div class=\"fusion-title title fusion-title-1 fusion-title-text fusion-title-size-three\" style=\"--awb-sep-color:#ff6600;\"><h3 class=\"fusion-title-heading title-heading-left\" style=\"margin:0;\">CARACTER\u00cdSTICAS DEL CURSO<\/h3><span class=\"awb-title-spacer\"><\/span><div class=\"title-sep-container\"><div class=\"title-sep sep-single sep-solid\" style=\"border-color:#ff6600;\"><\/div><\/div><\/div><ul style=\"--awb-size:18px;--awb-iconcolor:#ff6600;--awb-line-height:30.6px;--awb-icon-width:30.6px;--awb-icon-height:30.6px;--awb-icon-margin:12.6px;--awb-content-margin:43.2px;\" class=\"fusion-checklist fusion-checklist-1 fusion-checklist-default type-icons\"><li class=\"fusion-li-item\" style=\"\"><span class=\"icon-wrapper circle-no\"><i class=\"fusion-li-icon fa fa-play\" aria-hidden=\"true\"><\/i><\/span><div class=\"fusion-li-item-content\">NIVEL MEDIO &#8211; Se suponen conocimientos b\u00e1sicos de ZBrush (Equivalentes al curso Escultura I).<\/div><\/li><li class=\"fusion-li-item\" style=\"\"><span class=\"icon-wrapper circle-no\"><i class=\"fusion-li-icon fa fa-play\" aria-hidden=\"true\"><\/i><\/span><div class=\"fusion-li-item-content\">GRUPOS REDUCIDOS &#8211; Y con todo el material!! En el aula disponemos de tabletas y todo el software necesario.<\/div><\/li><li class=\"fusion-li-item\" style=\"\"><span class=\"icon-wrapper circle-no\"><i class=\"fusion-li-icon fa fa-play\" aria-hidden=\"true\"><\/i><\/span><div class=\"fusion-li-item-content\">\n<p>CURSO ADAPTADO A LA \u00daLTIMA VERSI\u00d3N &#8211; El temario ha sido revisado para incorporar las herramientas de la nueva versi\u00f3n 4 R8.<\/p>\n<\/div><\/li><li class=\"fusion-li-item\" style=\"\"><span class=\"icon-wrapper circle-no\"><i class=\"fusion-li-icon fa fa-play\" aria-hidden=\"true\"><\/i><\/span><div class=\"fusion-li-item-content\">FORO DE AYUDA PERMANENTE DURANTE EL CURSO Y TRAS SU FINALIZACI\u00d3N &#8211; Contin\u00faa aprendiendo cuando acabes el curso!<\/div><\/li><li class=\"fusion-li-item\" style=\"\"><span class=\"icon-wrapper circle-no\"><i class=\"fusion-li-icon fa fa-play\" aria-hidden=\"true\"><\/i><\/span><div class=\"fusion-li-item-content\">IMPRIME TUS MODELOS &#8211; En el curso disponemos de impresoras 3D con las que podr\u00e1s materializar alguna de tus esculturas digitales!!<\/div><\/li><\/ul><div class=\"fusion-clearfix\"><\/div><\/div><\/div><\/div><\/div><div class=\"fusion-fullwidth fullwidth-box fusion-builder-row-4 nonhundred-percent-fullwidth non-hundred-percent-height-scrolling\" style=\"--awb-background-position:left top;--awb-border-radius-top-left:0px;--awb-border-radius-top-right:0px;--awb-border-radius-bottom-right:0px;--awb-border-radius-bottom-left:0px;--awb-padding-top:20px;--awb-padding-bottom:20px;--awb-border-sizes-top:0px;--awb-border-sizes-bottom:0px;--awb-flex-wrap:wrap;\" ><div class=\"fusion-builder-row fusion-row\"><div class=\"fusion-layout-column fusion_builder_column fusion-builder-column-4 fusion_builder_column_1_2 1_2 fusion-one-half fusion-column-first\" style=\"--awb-bg-size:cover;width:48%; margin-right: 4%;\"><div class=\"fusion-column-wrapper fusion-flex-column-wrapper-legacy\"><script type=\"text\/javascript\">jQuery(function() { _initLayerSlider( '#layerslider_8_mbbrovi8ga70', {sliderVersion: '', responsiveUnder: 0, layersContainer: 0, hideUnder: 0, hideOver: 100000, pauseOnHover: 'on', skin: 'v5', useSrcset: true, skinsPath: 'https:\/\/zbrush.dpi.upv.es\/wordpress\/wp-content\/plugins\/LayerSlider\/assets\/static\/layerslider\/skins\/', type: 'responsive', showCircleTimer: false}); });<\/script><div id=\"layerslider_8_mbbrovi8ga70\" class=\"ls-wp-container fitvidsignore\" style=\"width:540px;height:480px;margin:0 auto;margin-bottom: 0px;\"><div class=\"ls-slide\" data-ls=\"duration:3000;\"><img decoding=\"async\" width=\"540\" height=\"480\" src=\"https:\/\/zbrush.dpi.upv.es\/wordpress\/wp-content\/uploads\/2015\/07\/Escultura-II-06.jpg\" class=\"ls-bg\" alt=\"\" srcset=\"https:\/\/zbrush.dpi.upv.es\/wordpress\/wp-content\/uploads\/2015\/07\/Escultura-II-06-300x267.jpg 300w, https:\/\/zbrush.dpi.upv.es\/wordpress\/wp-content\/uploads\/2015\/07\/Escultura-II-06.jpg 540w\" sizes=\"(max-width: 540px) 100vw, 540px\" \/><\/div><div class=\"ls-slide\" data-ls=\"duration:3000;\"><img decoding=\"async\" width=\"540\" height=\"480\" src=\"https:\/\/zbrush.dpi.upv.es\/wordpress\/wp-content\/uploads\/2015\/07\/Escultura-II-07.jpg\" class=\"ls-bg\" alt=\"\" srcset=\"https:\/\/zbrush.dpi.upv.es\/wordpress\/wp-content\/uploads\/2015\/07\/Escultura-II-07-300x267.jpg 300w, https:\/\/zbrush.dpi.upv.es\/wordpress\/wp-content\/uploads\/2015\/07\/Escultura-II-07.jpg 540w\" sizes=\"(max-width: 540px) 100vw, 540px\" \/><\/div><div class=\"ls-slide\" data-ls=\"duration:3000;\"><img decoding=\"async\" width=\"540\" height=\"480\" src=\"https:\/\/zbrush.dpi.upv.es\/wordpress\/wp-content\/uploads\/2015\/07\/Escultura-II-08.jpg\" class=\"ls-bg\" alt=\"\" srcset=\"https:\/\/zbrush.dpi.upv.es\/wordpress\/wp-content\/uploads\/2015\/07\/Escultura-II-08-300x267.jpg 300w, https:\/\/zbrush.dpi.upv.es\/wordpress\/wp-content\/uploads\/2015\/07\/Escultura-II-08.jpg 540w\" sizes=\"(max-width: 540px) 100vw, 540px\" \/><\/div><div class=\"ls-slide\" data-ls=\"duration:3000;\"><img decoding=\"async\" width=\"540\" height=\"480\" src=\"https:\/\/zbrush.dpi.upv.es\/wordpress\/wp-content\/uploads\/2015\/07\/Escultura-II-09.jpg\" class=\"ls-bg\" alt=\"\" srcset=\"https:\/\/zbrush.dpi.upv.es\/wordpress\/wp-content\/uploads\/2015\/07\/Escultura-II-09-300x267.jpg 300w, https:\/\/zbrush.dpi.upv.es\/wordpress\/wp-content\/uploads\/2015\/07\/Escultura-II-09.jpg 540w\" sizes=\"(max-width: 540px) 100vw, 540px\" \/><\/div><div class=\"ls-slide\" data-ls=\"duration:3000;\"><img decoding=\"async\" width=\"540\" height=\"480\" src=\"https:\/\/zbrush.dpi.upv.es\/wordpress\/wp-content\/uploads\/2015\/07\/Escultura-II-10.jpg\" class=\"ls-bg\" alt=\"\" srcset=\"https:\/\/zbrush.dpi.upv.es\/wordpress\/wp-content\/uploads\/2015\/07\/Escultura-II-10-300x267.jpg 300w, https:\/\/zbrush.dpi.upv.es\/wordpress\/wp-content\/uploads\/2015\/07\/Escultura-II-10.jpg 540w\" sizes=\"(max-width: 540px) 100vw, 540px\" \/><\/div><div class=\"ls-slide\" data-ls=\"duration:3000;\"><img decoding=\"async\" width=\"540\" height=\"480\" src=\"https:\/\/zbrush.dpi.upv.es\/wordpress\/wp-content\/uploads\/2015\/07\/Escultura-II-02.jpg\" class=\"ls-bg\" alt=\"\" srcset=\"https:\/\/zbrush.dpi.upv.es\/wordpress\/wp-content\/uploads\/2015\/07\/Escultura-II-02-300x267.jpg 300w, https:\/\/zbrush.dpi.upv.es\/wordpress\/wp-content\/uploads\/2015\/07\/Escultura-II-02.jpg 540w\" sizes=\"(max-width: 540px) 100vw, 540px\" \/><\/div><div class=\"ls-slide\" data-ls=\"duration:3000;\"><img decoding=\"async\" width=\"540\" height=\"480\" src=\"https:\/\/zbrush.dpi.upv.es\/wordpress\/wp-content\/uploads\/2015\/07\/Escultura-II-05.jpg\" class=\"ls-bg\" alt=\"\" srcset=\"https:\/\/zbrush.dpi.upv.es\/wordpress\/wp-content\/uploads\/2015\/07\/Escultura-II-05-300x267.jpg 300w, https:\/\/zbrush.dpi.upv.es\/wordpress\/wp-content\/uploads\/2015\/07\/Escultura-II-05.jpg 540w\" sizes=\"(max-width: 540px) 100vw, 540px\" \/><\/div><div class=\"ls-slide\" data-ls=\"duration:3000;\"><img decoding=\"async\" width=\"540\" height=\"480\" src=\"https:\/\/zbrush.dpi.upv.es\/wordpress\/wp-content\/uploads\/2015\/07\/Escultura-II-04.jpg\" class=\"ls-bg\" alt=\"\" srcset=\"https:\/\/zbrush.dpi.upv.es\/wordpress\/wp-content\/uploads\/2015\/07\/Escultura-II-04-300x267.jpg 300w, https:\/\/zbrush.dpi.upv.es\/wordpress\/wp-content\/uploads\/2015\/07\/Escultura-II-04.jpg 540w\" sizes=\"(max-width: 540px) 100vw, 540px\" \/><\/div><\/div><div class=\"fusion-clearfix\"><\/div><\/div><\/div><div class=\"fusion-layout-column fusion_builder_column fusion-builder-column-5 fusion_builder_column_1_2 1_2 fusion-one-half fusion-column-last\" style=\"--awb-bg-size:cover;width:48%;\"><div class=\"fusion-column-wrapper fusion-flex-column-wrapper-legacy\"><div class=\"fusion-text fusion-text-3\"><p><span style=\"font-size: 24px;\">El curso <strong>Escultura II<\/strong> permite a quien tenga conocimientos b\u00e1sicos de escultura digital org\u00e1nica ampliar sus capacidades con herramientas orientadas a la escultura inorg\u00e1nica y al modelado m\u00e1s geom\u00e9trico (popularmente conocido como &#8220;hard surface sculpting&#8221;)<br \/>\n<\/span><\/p>\n<\/div><div class=\"fusion-aligncenter\"><a class=\"fusion-button button-flat button-medium button-custom fusion-button-default button-1 fusion-button-default-span \" style=\"--button_accent_color:#424242;--button_accent_hover_color:#424242;--button_border_hover_color:#424242;--button_border_width-top:1px;--button_border_width-right:1px;--button_border_width-bottom:1px;--button_border_width-left:1px;--button_gradient_top_color:#ffffff;--button_gradient_bottom_color:#ffffff;--button_gradient_top_color_hover:#ff9651;--button_gradient_bottom_color_hover:#ff9651;\" target=\"_self\" href=\"#\" data-toggle=\"modal\" data-target=\".fusion-modal.Contenido\"><span class=\"fusion-button-icon-divider button-icon-divider-left\"><i class=\" fa fa-list-ol awb-button__icon awb-button__icon--default\" aria-hidden=\"true\"><\/i><\/span><span class=\"fusion-button-text awb-button__text awb-button__text--default fusion-button-text-left\">Contenido del curso<\/span><\/a><\/div><div class=\"fusion-clearfix\"><\/div><\/div><\/div><div class=\"fusion-layout-column fusion_builder_column fusion-builder-column-6 fusion_builder_column_1_1 1_1 fusion-one-full fusion-column-first fusion-column-last fusion-column-no-min-height\" style=\"--awb-bg-size:cover;--awb-margin-bottom:0px;\"><div class=\"fusion-column-wrapper fusion-flex-column-wrapper-legacy\"><div class=\"fusion-modal modal fade modal-1 Contenido\" tabindex=\"-1\" role=\"dialog\" aria-labelledby=\"modal-heading-1\" aria-hidden=\"true\" style=\"--awb-border-color:#ebebeb;--awb-background:#f6f6f6;\"><div class=\"modal-dialog modal-lg\" role=\"document\"><div class=\"modal-content fusion-modal-content\"><div class=\"modal-header\"><button class=\"close\" type=\"button\" data-dismiss=\"modal\" aria-hidden=\"true\" aria-label=\"Close\">&times;<\/button><h3 class=\"modal-title\" id=\"modal-heading-1\" data-dismiss=\"modal\" aria-hidden=\"true\">CONTENIDO DEL CURSO<\/h3><\/div><div class=\"modal-body fusion-clearfix\">\n<h4>Sesi\u00f3n 1: Hard Surfaces I.<\/h4>\n<ul>\n<li>Herramientas para conceptos Hard Surface.<\/li>\n<li>Pinceles Planar, Trim y Polish.<\/li>\n<li>Definiendo el modelo: Extract+Clip Brushes.<\/li>\n<\/ul>\n<p>PROYECTO: Escultura de un concepto<em> hard surface<\/em><\/p>\n<hr>\n<h4>Sesi\u00f3n 2: Hard Surfaces II<span style=\"color: #333333;\">.<\/span><\/h4>\n<ul>\n<li>Shadow Box. Uso de Shadow Box+Clip Brushes<\/li>\n<li>Edgeloop, Groups Loops y Panel Loops.<\/li>\n<li>Difference Mesh.<\/li>\n<li>Uso de Polish by.<\/li>\n<li>Extrusi\u00f3n y operaciones de poligrupos.<\/li>\n<\/ul>\n<div>PROYECTO: Creaci\u00f3n de un conjunto de complementos<em> hard surface.<br \/>\n<\/em><\/div>\n<hr>\n<h4>Sesi\u00f3n 3: ZModeler<span style=\"color: #333333;\">.<\/span><\/h4>\n<ul>\n<li>Fundamentos de ZModeler.<\/li>\n<li>Manejo b\u00e1sico. Acciones, entidades y modificadores (Actions, Targets, Modifiers) .<\/li>\n<li>Uso de QMesh.<\/li>\n<li>Acciones b\u00e1sicas (Insert, Extrude, Transpose, Split&#8230;)<\/li>\n<li>Uso de Dynamic Subdivision.<\/li>\n<\/ul>\n<p>PROYECTO: Modelado de edificios y entornos. Creaci\u00f3n de un IMM Brush de elementos industriales.<\/p>\n<div>\n<hr>\n<h4>Sesi\u00f3n 4: ArrayMesh y NanoMesh.<\/h4>\n<\/div>\n<div>\n<ul>\n<li>MicroMesh, el precursor.<\/li>\n<li>NanoMesh. Uso combinado con ZModeler.<\/li>\n<li>ArrayMesh.<\/li>\n<\/ul>\n<\/div>\n<div>PROYECTO: Detallado mediante NanoMesh y ArrayMesh del modelo creado previamente.<\/div>\n<hr>\n<h4>Sesi\u00f3n 5: Manejo de la topolog\u00eda del modelo<span style=\"color: #333333;\">.<\/span><\/h4>\n<ul>\n<li>Conceptos b\u00e1sicos de topolog\u00eda. Planificaci\u00f3n de la topolog\u00eda del modelo.<\/li>\n<li>ZRemesher vs Retopolog\u00eda manual<\/li>\n<li>Mesh Fusion.<\/li>\n<li>Topology Brush.<\/li>\n<li>Decimation Master.<\/li>\n<\/ul>\n<div>PROYECTO: Retopolog\u00eda del personaje creado. Detallado y complementos.<\/div>\n<hr>\n<h4>&nbsp;<\/h4>\n<\/div><div class=\"modal-footer\"><button class=\"fusion-button button-default button-medium button default medium\" type=\"button\" data-dismiss=\"modal\">Close<\/button><\/div><\/div><\/div><\/div><div class=\"fusion-clearfix\"><\/div><\/div><\/div><\/div><\/div><\/p>\n","protected":false},"excerpt":{"rendered":"","protected":false},"author":1,"featured_media":0,"parent":21,"menu_order":1,"comment_status":"closed","ping_status":"closed","template":"100-width.php","meta":{"_bbp_topic_count":0,"_bbp_reply_count":0,"_bbp_total_topic_count":0,"_bbp_total_reply_count":0,"_bbp_voice_count":0,"_bbp_anonymous_reply_count":0,"_bbp_topic_count_hidden":0,"_bbp_reply_count_hidden":0,"_bbp_forum_subforum_count":0,"_eb_attr":"","ngg_post_thumbnail":0,"footnotes":""},"class_list":["post-5091","page","type-page","status-publish","hentry"],"yoast_head":"<!-- This site is optimized with the Yoast SEO plugin v26.1.1 - https:\/\/yoast.com\/wordpress\/plugins\/seo\/ -->\n<title>Escultura Digital con ZBrush: Escultura II - Cursos ZBrush UPV<\/title>\n<meta name=\"robots\" content=\"index, follow, max-snippet:-1, max-image-preview:large, max-video-preview:-1\" \/>\n<link rel=\"canonical\" href=\"https:\/\/zbrush.dpi.upv.es\/wordpress\/cursos\/escultura-digital-con-zbrush-escultura-ii\/\" class=\"yoast-seo-meta-tag\" \/>\n<meta property=\"og:locale\" content=\"es_ES\" class=\"yoast-seo-meta-tag\" \/>\n<meta property=\"og:type\" content=\"article\" class=\"yoast-seo-meta-tag\" \/>\n<meta property=\"og:title\" content=\"Escultura Digital con ZBrush: Escultura II - Cursos ZBrush UPV\" class=\"yoast-seo-meta-tag\" \/>\n<meta property=\"og:url\" content=\"https:\/\/zbrush.dpi.upv.es\/wordpress\/cursos\/escultura-digital-con-zbrush-escultura-ii\/\" class=\"yoast-seo-meta-tag\" \/>\n<meta property=\"og:site_name\" content=\"Cursos ZBrush UPV\" class=\"yoast-seo-meta-tag\" \/>\n<meta property=\"article:modified_time\" content=\"2018-03-24T13:55:21+00:00\" class=\"yoast-seo-meta-tag\" \/>\n<meta name=\"twitter:card\" content=\"summary_large_image\" class=\"yoast-seo-meta-tag\" \/>\n<meta name=\"twitter:label1\" content=\"Tiempo de lectura\" class=\"yoast-seo-meta-tag\" \/>\n\t<meta name=\"twitter:data1\" content=\"7 minutos\" class=\"yoast-seo-meta-tag\" \/>\n<script type=\"application\/ld+json\" class=\"yoast-schema-graph\">{\"@context\":\"https:\/\/schema.org\",\"@graph\":[{\"@type\":\"WebPage\",\"@id\":\"https:\/\/zbrush.dpi.upv.es\/wordpress\/cursos\/escultura-digital-con-zbrush-escultura-ii\/\",\"url\":\"https:\/\/zbrush.dpi.upv.es\/wordpress\/cursos\/escultura-digital-con-zbrush-escultura-ii\/\",\"name\":\"Escultura Digital con ZBrush: Escultura II - Cursos ZBrush UPV\",\"isPartOf\":{\"@id\":\"https:\/\/zbrush.dpi.upv.es\/wordpress\/#website\"},\"datePublished\":\"2015-07-27T16:41:10+00:00\",\"dateModified\":\"2018-03-24T13:55:21+00:00\",\"breadcrumb\":{\"@id\":\"https:\/\/zbrush.dpi.upv.es\/wordpress\/cursos\/escultura-digital-con-zbrush-escultura-ii\/#breadcrumb\"},\"inLanguage\":\"es\",\"potentialAction\":[{\"@type\":\"ReadAction\",\"target\":[\"https:\/\/zbrush.dpi.upv.es\/wordpress\/cursos\/escultura-digital-con-zbrush-escultura-ii\/\"]}]},{\"@type\":\"BreadcrumbList\",\"@id\":\"https:\/\/zbrush.dpi.upv.es\/wordpress\/cursos\/escultura-digital-con-zbrush-escultura-ii\/#breadcrumb\",\"itemListElement\":[{\"@type\":\"ListItem\",\"position\":1,\"name\":\"Portada\",\"item\":\"https:\/\/zbrush.dpi.upv.es\/wordpress\/\"},{\"@type\":\"ListItem\",\"position\":2,\"name\":\"Cursos\",\"item\":\"https:\/\/zbrush.dpi.upv.es\/wordpress\/cursos\/\"},{\"@type\":\"ListItem\",\"position\":3,\"name\":\"Escultura Digital con ZBrush: Escultura II\"}]},{\"@type\":\"WebSite\",\"@id\":\"https:\/\/zbrush.dpi.upv.es\/wordpress\/#website\",\"url\":\"https:\/\/zbrush.dpi.upv.es\/wordpress\/\",\"name\":\"Cursos ZBrush UPV\",\"description\":\"P\u00e1gina de Jorge Alcaide sobre ZBrush y Digital Sculpting\",\"potentialAction\":[{\"@type\":\"SearchAction\",\"target\":{\"@type\":\"EntryPoint\",\"urlTemplate\":\"https:\/\/zbrush.dpi.upv.es\/wordpress\/?s={search_term_string}\"},\"query-input\":{\"@type\":\"PropertyValueSpecification\",\"valueRequired\":true,\"valueName\":\"search_term_string\"}}],\"inLanguage\":\"es\"}]}<\/script>\n<!-- \/ Yoast SEO plugin. -->","yoast_head_json":{"title":"Escultura Digital con ZBrush: Escultura II - Cursos ZBrush UPV","robots":{"index":"index","follow":"follow","max-snippet":"max-snippet:-1","max-image-preview":"max-image-preview:large","max-video-preview":"max-video-preview:-1"},"canonical":"https:\/\/zbrush.dpi.upv.es\/wordpress\/cursos\/escultura-digital-con-zbrush-escultura-ii\/","og_locale":"es_ES","og_type":"article","og_title":"Escultura Digital con ZBrush: Escultura II - Cursos ZBrush UPV","og_url":"https:\/\/zbrush.dpi.upv.es\/wordpress\/cursos\/escultura-digital-con-zbrush-escultura-ii\/","og_site_name":"Cursos ZBrush UPV","article_modified_time":"2018-03-24T13:55:21+00:00","twitter_card":"summary_large_image","twitter_misc":{"Tiempo de lectura":"7 minutos"},"schema":{"@context":"https:\/\/schema.org","@graph":[{"@type":"WebPage","@id":"https:\/\/zbrush.dpi.upv.es\/wordpress\/cursos\/escultura-digital-con-zbrush-escultura-ii\/","url":"https:\/\/zbrush.dpi.upv.es\/wordpress\/cursos\/escultura-digital-con-zbrush-escultura-ii\/","name":"Escultura Digital con ZBrush: Escultura II - Cursos ZBrush UPV","isPartOf":{"@id":"https:\/\/zbrush.dpi.upv.es\/wordpress\/#website"},"datePublished":"2015-07-27T16:41:10+00:00","dateModified":"2018-03-24T13:55:21+00:00","breadcrumb":{"@id":"https:\/\/zbrush.dpi.upv.es\/wordpress\/cursos\/escultura-digital-con-zbrush-escultura-ii\/#breadcrumb"},"inLanguage":"es","potentialAction":[{"@type":"ReadAction","target":["https:\/\/zbrush.dpi.upv.es\/wordpress\/cursos\/escultura-digital-con-zbrush-escultura-ii\/"]}]},{"@type":"BreadcrumbList","@id":"https:\/\/zbrush.dpi.upv.es\/wordpress\/cursos\/escultura-digital-con-zbrush-escultura-ii\/#breadcrumb","itemListElement":[{"@type":"ListItem","position":1,"name":"Portada","item":"https:\/\/zbrush.dpi.upv.es\/wordpress\/"},{"@type":"ListItem","position":2,"name":"Cursos","item":"https:\/\/zbrush.dpi.upv.es\/wordpress\/cursos\/"},{"@type":"ListItem","position":3,"name":"Escultura Digital con ZBrush: Escultura II"}]},{"@type":"WebSite","@id":"https:\/\/zbrush.dpi.upv.es\/wordpress\/#website","url":"https:\/\/zbrush.dpi.upv.es\/wordpress\/","name":"Cursos ZBrush UPV","description":"P\u00e1gina de Jorge Alcaide sobre ZBrush y Digital Sculpting","potentialAction":[{"@type":"SearchAction","target":{"@type":"EntryPoint","urlTemplate":"https:\/\/zbrush.dpi.upv.es\/wordpress\/?s={search_term_string}"},"query-input":{"@type":"PropertyValueSpecification","valueRequired":true,"valueName":"search_term_string"}}],"inLanguage":"es"}]}},"_links":{"self":[{"href":"https:\/\/zbrush.dpi.upv.es\/wordpress\/wp-json\/wp\/v2\/pages\/5091","targetHints":{"allow":["GET"]}}],"collection":[{"href":"https:\/\/zbrush.dpi.upv.es\/wordpress\/wp-json\/wp\/v2\/pages"}],"about":[{"href":"https:\/\/zbrush.dpi.upv.es\/wordpress\/wp-json\/wp\/v2\/types\/page"}],"author":[{"embeddable":true,"href":"https:\/\/zbrush.dpi.upv.es\/wordpress\/wp-json\/wp\/v2\/users\/1"}],"replies":[{"embeddable":true,"href":"https:\/\/zbrush.dpi.upv.es\/wordpress\/wp-json\/wp\/v2\/comments?post=5091"}],"version-history":[{"count":50,"href":"https:\/\/zbrush.dpi.upv.es\/wordpress\/wp-json\/wp\/v2\/pages\/5091\/revisions"}],"predecessor-version":[{"id":7714,"href":"https:\/\/zbrush.dpi.upv.es\/wordpress\/wp-json\/wp\/v2\/pages\/5091\/revisions\/7714"}],"up":[{"embeddable":true,"href":"https:\/\/zbrush.dpi.upv.es\/wordpress\/wp-json\/wp\/v2\/pages\/21"}],"wp:attachment":[{"href":"https:\/\/zbrush.dpi.upv.es\/wordpress\/wp-json\/wp\/v2\/media?parent=5091"}],"curies":[{"name":"wp","href":"https:\/\/api.w.org\/{rel}","templated":true}]}}