

{"id":4504,"date":"2014-10-15T17:47:48","date_gmt":"2014-10-15T16:47:48","guid":{"rendered":"http:\/\/zbrush.dpi.upv.es\/wordpress\/?page_id=4504"},"modified":"2018-03-24T14:54:16","modified_gmt":"2018-03-24T13:54:16","slug":"escultura-1","status":"publish","type":"page","link":"https:\/\/zbrush.dpi.upv.es\/wordpress\/cursos\/escultura-1\/","title":{"rendered":"Escultura Digital con ZBrush: Escultura I"},"content":{"rendered":"<p><div class=\"fusion-fullwidth fullwidth-box fusion-builder-row-1 nonhundred-percent-fullwidth non-hundred-percent-height-scrolling\" style=\"--awb-background-position:left top;--awb-border-radius-top-left:0px;--awb-border-radius-top-right:0px;--awb-border-radius-bottom-right:0px;--awb-border-radius-bottom-left:0px;--awb-padding-top:40px;--awb-padding-bottom:10px;--awb-background-color:#424242;--awb-border-sizes-top:0px;--awb-border-sizes-bottom:0px;--awb-flex-wrap:wrap;\" ><div class=\"fusion-builder-row fusion-row\"><div class=\"fusion-layout-column fusion_builder_column fusion-builder-column-0 fusion_builder_column_1_1 1_1 fusion-one-full fusion-column-first fusion-column-last fusion-column-no-min-height\" style=\"--awb-bg-size:cover;--awb-margin-bottom:0px;\"><div class=\"fusion-column-wrapper fusion-flex-column-wrapper-legacy\"><div class=\"fusion-text fusion-text-1\"><p><span style=\"font-size: 28px; color: #ffffff;\">El programa de referencia en el mundo de la escultura digital, paso a paso. Explora un mundo 3D sin fronteras.<\/span><\/p>\n<\/div><div class=\"fusion-clearfix\"><\/div><\/div><\/div><\/div><\/div><div class=\"fusion-fullwidth fullwidth-box fusion-builder-row-2 nonhundred-percent-fullwidth non-hundred-percent-height-scrolling fusion-equal-height-columns\" style=\"--awb-background-position:left top;--awb-border-radius-top-left:0px;--awb-border-radius-top-right:0px;--awb-border-radius-bottom-right:0px;--awb-border-radius-bottom-left:0px;--awb-padding-top:40px;--awb-padding-right:0px;--awb-padding-bottom:0px;--awb-padding-left:0px;--awb-background-color:#ffffff;--awb-border-sizes-top:0px;--awb-border-sizes-bottom:0px;--awb-flex-wrap:wrap;\" ><div class=\"fusion-builder-row fusion-row\"><div class=\"fusion-layout-column fusion_builder_column fusion-builder-column-1 fusion_builder_column_1_2 1_2 fusion-one-half fusion-column-first\" style=\"--awb-bg-size:cover;width:48%; margin-right: 4%;\"><div class=\"fusion-column-wrapper fusion-flex-column-wrapper-legacy\"><div class=\"fusion-text fusion-text-2\"><p><span style=\"font-size: 24px; color: #ff6600;\">Desde cero. El m\u00f3dulo<strong> Escultura I<\/strong> est\u00e1 enfocado a gente que nunca ha manejado ZBrush o lo ha hecho de forma muy espor\u00e1dica.<\/span><\/p>\n<p><span style=\"font-size: 24px; color: #ff6600;\">Aprender\u00e1s desde el principio las t\u00e9cnicas de escultura org\u00e1nica&nbsp;y las herramientas asociadas, aplic\u00e1ndolas a trabajos propios.<\/span><\/p>\n<h4><span style=\"color: #ffffff;\">&nbsp;<\/span><\/h4>\n<\/div><div class=\"fusion-clearfix\"><\/div><\/div><\/div><div class=\"fusion-layout-column fusion_builder_column fusion-builder-column-2 fusion_builder_column_1_2 1_2 fusion-one-half fusion-column-last\" style=\"--awb-bg-size:cover;--awb-margin-bottom:0px;width:48%;\"><div class=\"fusion-column-wrapper fusion-flex-column-wrapper-legacy\"><div id=\"wpfp_63126e45690d1a78bb5abf304402eecd\" data-item=\"{&quot;sources&quot;:[{&quot;src&quot;:&quot;https:\\\/\\\/politube.upv.es\\\/uploads\\\/b3f2e34bf59e80540ad8e79c8204559e.mp4&quot;,&quot;type&quot;:&quot;video\\\/mp4&quot;}],&quot;splash&quot;:&quot;http:\\\/\\\/zbrush.dpi.upv.es\\\/wordpress\\\/wp-content\\\/uploads\\\/2015\\\/07\\\/Portada-Escultura-I.jpg&quot;}\" class=\"flowplayer no-brand is-splash is-paused skin-slim no-svg fp-slim fp-edgy\" data-fv-embed=\"https:\/\/zbrush.dpi.upv.es\/wordpress\/cursos\/escultura-1\/fvp\/\" style=\"position:relative; max-width: 393px; max-height: 350px; \" data-ratio=\"0.8906\">\n\t<div class=\"fp-ratio\" style=\"padding-top: 89.06%\"><\/div>\n\t<img decoding=\"async\" class=\"fp-splash\" alt=\"video\" src=\"http:\/\/zbrush.dpi.upv.es\/wordpress\/wp-content\/uploads\/2015\/07\/Portada-Escultura-I.jpg\" style=\"position:absolute;top:0;width:100%\" \/>\n\t<div class=\"fp-ui\"><noscript>Please enable JavaScript<\/noscript><div class=\"fp-play fp-visible\"><svg class=\"fp-play-sharp-fill\" xmlns=\"http:\/\/www.w3.org\/2000\/svg\" viewBox=\"0 0 100 100\"><defs><style>.fp-color-play{opacity:0.65;}.controlbutton{fill:#fff;}<\/style><\/defs><title>play-sharp-fill<\/title><path class=\"fp-color-play\" d=\"M49.9217-.078a50,50,0,1,0,50,50A50.0564,50.0564,0,0,0,49.9217-.078Z\"\/><polygon class=\"controlbutton\" points=\"73.601 50 37.968 70.573 37.968 29.427 73.601 50\" filter=\"url(#f1)\"\/><\/svg><\/div><div class=\"fp-preload\"><b><\/b><b><\/b><b><\/b><b><\/b><\/div><\/div>\n<div class='fvp-share-bar'><ul class=\"fvp-sharing\">\r\n    <li><a class=\"sharing-facebook\" href=\"https:\/\/www.facebook.com\/sharer\/sharer.php?u=https%3A%2F%2Fzbrush.dpi.upv.es%2Fwordpress%2Fcursos%2Fescultura-1%2F\" target=\"_blank\"><\/a><\/li>\r\n    <li><a class=\"sharing-twitter\" href=\"https:\/\/twitter.com\/intent\/tweet?text=Cursos+ZBrush+UPV+&url=https%3A%2F%2Fzbrush.dpi.upv.es%2Fwordpress%2Fcursos%2Fescultura-1%2F\" target=\"_blank\"><\/a><\/li>\r\n    <li><a class=\"sharing-email\" href=\"mailto:?body=Echa%20un%20vistazo%20a%20este%20v%C3%ADdeo%21%21%21%3A%20https%3A%2F%2Fzbrush.dpi.upv.es%2Fwordpress%2Fcursos%2Fescultura-1%2F\" target=\"_blank\"><\/a><\/li><\/ul><div><a class=\"sharing-link\" href=\"https:\/\/zbrush.dpi.upv.es\/wordpress\/cursos\/escultura-1\/\" target=\"_blank\">Link<\/a><\/div><div><label><a class=\"embed-code-toggle\" href=\"#\"><strong>Embed<\/strong><\/a><\/label><\/div><div class=\"embed-code\"><label>Copy and paste this HTML code into your webpage to embed.<\/label><textarea><\/textarea><\/div><\/div>\n<\/div>\n<div class=\"fusion-clearfix\"><\/div><\/div><\/div><\/div><\/div><div class=\"fusion-fullwidth fullwidth-box fusion-builder-row-3 fusion-parallax-fixed nonhundred-percent-fullwidth non-hundred-percent-height-scrolling\" style=\"--awb-background-position:right bottom;--awb-border-radius-top-left:0px;--awb-border-radius-top-right:0px;--awb-border-radius-bottom-right:0px;--awb-border-radius-bottom-left:0px;--awb-padding-top:20px;--awb-padding-right:0px;--awb-padding-bottom:20px;--awb-padding-left:0px;--awb-background-image:url(&quot;http:\/\/zbrush.dpi.upv.es\/wordpress\/wp-content\/uploads\/2010\/11\/fondo-suscribir.jpg&quot;);--awb-background-size:cover;--awb-border-sizes-top:0px;--awb-border-sizes-bottom:0px;--awb-flex-wrap:wrap;background-attachment:fixed;\" ><div class=\"fusion-builder-row fusion-row\"><div class=\"fusion-layout-column fusion_builder_column fusion-builder-column-3 fusion_builder_column_1_1 1_1 fusion-one-full fusion-column-first fusion-column-last\" style=\"--awb-padding-top:10px;--awb-padding-right:10px;--awb-padding-bottom:10px;--awb-padding-left:10px;--awb-bg-color:#ffffff;--awb-bg-color-hover:#ffffff;--awb-bg-size:cover;--awb-border-color:#ff6600;--awb-border-top:1px;--awb-border-right:1px;--awb-border-bottom:1px;--awb-border-left:1px;--awb-border-style:solid;\"><div class=\"fusion-column-wrapper fusion-flex-column-wrapper-legacy\"><div class=\"fusion-title title fusion-title-1 fusion-title-text fusion-title-size-three\" style=\"--awb-sep-color:#ff6600;\"><h3 class=\"fusion-title-heading title-heading-left\" style=\"margin:0;\">CARACTER\u00cdSTICAS DEL CURSO<\/h3><span class=\"awb-title-spacer\"><\/span><div class=\"title-sep-container\"><div class=\"title-sep sep-single sep-solid\" style=\"border-color:#ff6600;\"><\/div><\/div><\/div><ul style=\"--awb-size:18px;--awb-iconcolor:#ff6600;--awb-line-height:30.6px;--awb-icon-width:30.6px;--awb-icon-height:30.6px;--awb-icon-margin:12.6px;--awb-content-margin:43.2px;\" class=\"fusion-checklist fusion-checklist-1 fusion-checklist-default type-icons\"><li class=\"fusion-li-item\" style=\"\"><span class=\"icon-wrapper circle-no\"><i class=\"fusion-li-icon fa fa-play\" aria-hidden=\"true\"><\/i><\/span><div class=\"fusion-li-item-content\">EMPEZAMOS DESDE CERO &#8211; El curso es completamente introductorio, no es necesario ning\u00fan conocimiento previo de ZBrush.<\/div><\/li><li class=\"fusion-li-item\" style=\"\"><span class=\"icon-wrapper circle-no\"><i class=\"fusion-li-icon fa fa-play\" aria-hidden=\"true\"><\/i><\/span><div class=\"fusion-li-item-content\">GRUPOS REDUCIDOS &#8211; Y con todo el material!! En el aula disponemos de tabletas y todo el software necesario.<\/div><\/li><li class=\"fusion-li-item\" style=\"\"><span class=\"icon-wrapper circle-no\"><i class=\"fusion-li-icon fa fa-play\" aria-hidden=\"true\"><\/i><\/span><div class=\"fusion-li-item-content\">\n<p>CURSO ADAPTADO A LA \u00daLTIMA VERSI\u00d3N &#8211; El temario ha sido revisado para incorporar las herramientas de la nueva versi\u00f3n 4 R8.<\/p>\n<\/div><\/li><li class=\"fusion-li-item\" style=\"\"><span class=\"icon-wrapper circle-no\"><i class=\"fusion-li-icon fa fa-play\" aria-hidden=\"true\"><\/i><\/span><div class=\"fusion-li-item-content\">FORO DE AYUDA PERMANENTE DURANTE EL CURSO Y TRAS SU FINALIZACI\u00d3N &#8211; Contin\u00faa aprendiendo cuando acabes el curso!<\/div><\/li><li class=\"fusion-li-item\" style=\"\"><span class=\"icon-wrapper circle-no\"><i class=\"fusion-li-icon fa fa-play\" aria-hidden=\"true\"><\/i><\/span><div class=\"fusion-li-item-content\">IMPRIME TUS MODELOS &#8211; En el curso disponemos de impresoras 3D con las que podr\u00e1s materializar alguna de tus esculturas digitales!!<\/div><\/li><\/ul><div class=\"fusion-clearfix\"><\/div><\/div><\/div><\/div><\/div><div class=\"fusion-fullwidth fullwidth-box fusion-builder-row-4 nonhundred-percent-fullwidth non-hundred-percent-height-scrolling\" style=\"--awb-background-position:left top;--awb-border-radius-top-left:0px;--awb-border-radius-top-right:0px;--awb-border-radius-bottom-right:0px;--awb-border-radius-bottom-left:0px;--awb-padding-top:20px;--awb-padding-bottom:20px;--awb-border-sizes-top:0px;--awb-border-sizes-bottom:0px;--awb-flex-wrap:wrap;\" ><div class=\"fusion-builder-row fusion-row\"><div class=\"fusion-layout-column fusion_builder_column fusion-builder-column-4 fusion_builder_column_1_2 1_2 fusion-one-half fusion-column-first\" style=\"--awb-bg-size:cover;width:48%; margin-right: 4%;\"><div class=\"fusion-column-wrapper fusion-flex-column-wrapper-legacy\"><script type=\"text\/javascript\">jQuery(function() { _initLayerSlider( '#layerslider_7_fp9lbahj5kn4', {sliderVersion: '', responsiveUnder: 0, layersContainer: 0, hideUnder: 0, hideOver: 100000, pauseOnHover: 'on', skin: 'v5', useSrcset: true, skinsPath: 'https:\/\/zbrush.dpi.upv.es\/wordpress\/wp-content\/plugins\/LayerSlider\/assets\/static\/layerslider\/skins\/', type: 'responsive', showCircleTimer: false}); });<\/script><div id=\"layerslider_7_fp9lbahj5kn4\" class=\"ls-wp-container fitvidsignore\" style=\"width:540px;height:480px;margin:0 auto;margin-bottom: 0px;\"><div class=\"ls-slide\" data-ls=\"duration:3000;\"><img decoding=\"async\" width=\"540\" height=\"480\" src=\"https:\/\/zbrush.dpi.upv.es\/wordpress\/wp-content\/uploads\/2015\/07\/Escultura-I-03.jpg\" class=\"ls-bg\" alt=\"\" srcset=\"https:\/\/zbrush.dpi.upv.es\/wordpress\/wp-content\/uploads\/2015\/07\/Escultura-I-03-300x267.jpg 300w, https:\/\/zbrush.dpi.upv.es\/wordpress\/wp-content\/uploads\/2015\/07\/Escultura-I-03.jpg 540w\" sizes=\"(max-width: 540px) 100vw, 540px\" \/><\/div><div class=\"ls-slide\" data-ls=\"duration:3000;\"><img decoding=\"async\" width=\"540\" height=\"480\" src=\"https:\/\/zbrush.dpi.upv.es\/wordpress\/wp-content\/uploads\/2015\/07\/Escultura-I-06.jpg\" class=\"ls-bg\" alt=\"\" srcset=\"https:\/\/zbrush.dpi.upv.es\/wordpress\/wp-content\/uploads\/2015\/07\/Escultura-I-06-300x267.jpg 300w, https:\/\/zbrush.dpi.upv.es\/wordpress\/wp-content\/uploads\/2015\/07\/Escultura-I-06.jpg 540w\" sizes=\"(max-width: 540px) 100vw, 540px\" \/><\/div><div class=\"ls-slide\" data-ls=\"duration:3000;\"><img decoding=\"async\" width=\"540\" height=\"480\" src=\"https:\/\/zbrush.dpi.upv.es\/wordpress\/wp-content\/uploads\/2015\/07\/Escultura-I-07.jpg\" class=\"ls-bg\" alt=\"\" srcset=\"https:\/\/zbrush.dpi.upv.es\/wordpress\/wp-content\/uploads\/2015\/07\/Escultura-I-07-300x267.jpg 300w, https:\/\/zbrush.dpi.upv.es\/wordpress\/wp-content\/uploads\/2015\/07\/Escultura-I-07.jpg 540w\" sizes=\"(max-width: 540px) 100vw, 540px\" \/><\/div><div class=\"ls-slide\" data-ls=\"duration:3000;\"><img decoding=\"async\" width=\"538\" height=\"476\" src=\"https:\/\/zbrush.dpi.upv.es\/wordpress\/wp-content\/uploads\/2015\/07\/Escultura-I-04.jpg\" class=\"ls-bg\" alt=\"\" srcset=\"https:\/\/zbrush.dpi.upv.es\/wordpress\/wp-content\/uploads\/2015\/07\/Escultura-I-04-300x265.jpg 300w, https:\/\/zbrush.dpi.upv.es\/wordpress\/wp-content\/uploads\/2015\/07\/Escultura-I-04.jpg 538w\" sizes=\"(max-width: 538px) 100vw, 538px\" \/><\/div><div class=\"ls-slide\" data-ls=\"duration:3000;\"><img decoding=\"async\" width=\"540\" height=\"480\" src=\"https:\/\/zbrush.dpi.upv.es\/wordpress\/wp-content\/uploads\/2015\/07\/Escultura-I-05.jpg\" class=\"ls-bg\" alt=\"\" srcset=\"https:\/\/zbrush.dpi.upv.es\/wordpress\/wp-content\/uploads\/2015\/07\/Escultura-I-05-300x267.jpg 300w, https:\/\/zbrush.dpi.upv.es\/wordpress\/wp-content\/uploads\/2015\/07\/Escultura-I-05.jpg 540w\" sizes=\"(max-width: 540px) 100vw, 540px\" \/><\/div><div class=\"ls-slide\" data-ls=\"duration:3000;\"><img decoding=\"async\" width=\"540\" height=\"480\" src=\"https:\/\/zbrush.dpi.upv.es\/wordpress\/wp-content\/uploads\/2015\/07\/Escultura-I-01.jpg\" class=\"ls-bg\" alt=\"\" srcset=\"https:\/\/zbrush.dpi.upv.es\/wordpress\/wp-content\/uploads\/2015\/07\/Escultura-I-01-300x267.jpg 300w, https:\/\/zbrush.dpi.upv.es\/wordpress\/wp-content\/uploads\/2015\/07\/Escultura-I-01.jpg 540w\" sizes=\"(max-width: 540px) 100vw, 540px\" \/><\/div><div class=\"ls-slide\" data-ls=\"duration:3000;\"><img decoding=\"async\" width=\"540\" height=\"480\" src=\"https:\/\/zbrush.dpi.upv.es\/wordpress\/wp-content\/uploads\/2015\/07\/Escultura-I-02.jpg\" class=\"ls-bg\" alt=\"\" srcset=\"https:\/\/zbrush.dpi.upv.es\/wordpress\/wp-content\/uploads\/2015\/07\/Escultura-I-02-300x267.jpg 300w, https:\/\/zbrush.dpi.upv.es\/wordpress\/wp-content\/uploads\/2015\/07\/Escultura-I-02.jpg 540w\" sizes=\"(max-width: 540px) 100vw, 540px\" \/><\/div><\/div><div class=\"fusion-clearfix\"><\/div><\/div><\/div><div class=\"fusion-layout-column fusion_builder_column fusion-builder-column-5 fusion_builder_column_1_2 1_2 fusion-one-half fusion-column-last\" style=\"--awb-bg-size:cover;width:48%;\"><div class=\"fusion-column-wrapper fusion-flex-column-wrapper-legacy\"><div class=\"fusion-text fusion-text-3\"><p><span style=\"font-size: 24px;\">El curso incide especialmente en el proceso escult\u00f3rico desde el concepto hasta el detallado final del modelo. El objetivo es que al finalizar el curso el alumno sea capaz de plantear sus propios modelos y escenas en ZBrush y domine los recursos necesarios para bocetarlos, prepararlos, esculpirlos y detallarlos.<\/span><\/p>\n<\/div><div class=\"fusion-aligncenter\"><a class=\"fusion-button button-flat button-medium button-custom fusion-button-default button-1 fusion-button-default-span \" style=\"--button_accent_color:#424242;--button_accent_hover_color:#424242;--button_border_hover_color:#424242;--button_border_width-top:1px;--button_border_width-right:1px;--button_border_width-bottom:1px;--button_border_width-left:1px;--button_gradient_top_color:#ffffff;--button_gradient_bottom_color:#ffffff;--button_gradient_top_color_hover:#ff9651;--button_gradient_bottom_color_hover:#ff9651;\" target=\"_self\" href=\"#\" data-toggle=\"modal\" data-target=\".fusion-modal.Contenido\"><span class=\"fusion-button-icon-divider button-icon-divider-left\"><i class=\" fa fa-list-ol awb-button__icon awb-button__icon--default\" aria-hidden=\"true\"><\/i><\/span><span class=\"fusion-button-text awb-button__text awb-button__text--default fusion-button-text-left\">Contenido del curso<\/span><\/a><\/div><div class=\"fusion-clearfix\"><\/div><\/div><\/div><div class=\"fusion-layout-column fusion_builder_column fusion-builder-column-6 fusion_builder_column_1_1 1_1 fusion-one-full fusion-column-first fusion-column-last fusion-column-no-min-height\" style=\"--awb-bg-size:cover;--awb-margin-bottom:0px;\"><div class=\"fusion-column-wrapper fusion-flex-column-wrapper-legacy\"><div class=\"fusion-modal modal fade modal-1 Contenido\" tabindex=\"-1\" role=\"dialog\" aria-labelledby=\"modal-heading-1\" aria-hidden=\"true\" style=\"--awb-border-color:#ebebeb;--awb-background:#f6f6f6;\"><div class=\"modal-dialog modal-lg\" role=\"document\"><div class=\"modal-content fusion-modal-content\"><div class=\"modal-header\"><button class=\"close\" type=\"button\" data-dismiss=\"modal\" aria-hidden=\"true\" aria-label=\"Close\">&times;<\/button><h3 class=\"modal-title\" id=\"modal-heading-1\" data-dismiss=\"modal\" aria-hidden=\"true\">CONTENIDO DEL CURSO<\/h3><\/div><div class=\"modal-body fusion-clearfix\">\n<h4>Sesi\u00f3n 1: Nociones b\u00e1sicas de escultura digital.<\/h4>\n<ul>\n<li>Presentaci\u00f3n del programa. Conceptos b\u00e1sicos. Entorno 2.5D\/3D.<\/li>\n<li>Interfaz y navegaci\u00f3n. Configuraci\u00f3n.<\/li>\n<li>Escultura tradicional: pinceles b\u00e1sicos (Move, Standard, Clay, Clay Buildup).<\/li>\n<li>Simetr\u00edas.<\/li>\n<li>M\u00e1scaras y selecci\u00f3n.<\/li>\n<\/ul>\n<p>PROYECTO: Creaci\u00f3n de un busto. Modelado de diversos elementos de entorno y criaturas.<\/p>\n<hr>\n<h4>Sesi\u00f3n 2: <span style=\"color: #333333;\">Organizaci\u00f3n del modelo.<\/span><\/h4>\n<ul>\n<li>Uso de Subtools.<\/li>\n<li>Manipulaci\u00f3n de elementos en el modelo: Herramienta Transpose.<\/li>\n<li>Combinaci\u00f3n de mallas: Fusi\u00f3n, separaci\u00f3n, remallado.<\/li>\n<li>Extract Mesh.<\/li>\n<li>Uso de poligrupos. Enfoque Poligrupos vs Subtools.<\/li>\n<li>Creaci\u00f3n y control de poligrupos.<\/li>\n<\/ul>\n<div>PROYECTO: Vistiendo al personaje. Creaci\u00f3n de complementos y atrezzo para el personaje.<\/div>\n<hr>\n<h4>Sesi\u00f3n 3: <span style=\"color: #333333;\">Creaci\u00f3n de conceptos.<\/span><\/h4>\n<ul>\n<li>Bocetado de conceptos en Quicksketch.<\/li>\n<li>Introducci\u00f3n a DynaMesh.<\/li>\n<li>Flujo de trabajo en DynaMesh.<\/li>\n<li>Uso de pinceles Insert.<\/li>\n<li>Creaci\u00f3n de pinceles IMM.<\/li>\n<li>Clip Brushes vs Slice Brushes<\/li>\n<li>Retopolog\u00eda b\u00e1sica.<\/li>\n<\/ul>\n<div>PROYECTO: Conceptos en Dynamesh. Kitbashing y uso de IMM Brushes en escultura digital.<\/div>\n<hr>\n<h4>Sesi\u00f3n 4: <span style=\"color: #333333;\">Detallado del modelo.<\/span><\/h4>\n<ul>\n<li>Uso de Alphas.<\/li>\n<li>Creaci\u00f3n de Alphas. Alphas continuos.<\/li>\n<li>Projection Master.<\/li>\n<li>Uso de Surface. Noisemaker.<\/li>\n<li>Geometr\u00eda HD.<\/li>\n<\/ul>\n<div>PROYECTO: Detallado del modelo mediante alphas y Noisemaker.<\/div>\n<hr>\n<h4>Sesi\u00f3n 5: Estructura y pose.<\/h4>\n<ul>\n<li>Uso de ZSpheres en la creaci\u00f3n de conceptos<\/li>\n<li>Rig de personajes mediante ZSpheres.<\/li>\n<li>Pose mediante la herramienta Transpose<\/li>\n<li>Transpose Master.<\/li>\n<li>Polypaint b\u00e1sico.<\/li>\n<\/ul>\n<div>PROYECTO: Elaboraci\u00f3n de la escena final. Pose y coloreado b\u00e1sico.<\/div>\n<hr>\n<\/div><div class=\"modal-footer\"><button class=\"fusion-button button-default button-medium button default medium\" type=\"button\" data-dismiss=\"modal\">Close<\/button><\/div><\/div><\/div><\/div><div class=\"fusion-clearfix\"><\/div><\/div><\/div><\/div><\/div><\/p>\n","protected":false},"excerpt":{"rendered":"","protected":false},"author":1,"featured_media":0,"parent":21,"menu_order":1,"comment_status":"closed","ping_status":"closed","template":"100-width.php","meta":{"_bbp_topic_count":0,"_bbp_reply_count":0,"_bbp_total_topic_count":0,"_bbp_total_reply_count":0,"_bbp_voice_count":0,"_bbp_anonymous_reply_count":0,"_bbp_topic_count_hidden":0,"_bbp_reply_count_hidden":0,"_bbp_forum_subforum_count":0,"_eb_attr":"","ngg_post_thumbnail":0,"footnotes":""},"class_list":["post-4504","page","type-page","status-publish","hentry"],"yoast_head":"<!-- This site is optimized with the Yoast SEO plugin v26.1.1 - https:\/\/yoast.com\/wordpress\/plugins\/seo\/ -->\n<title>Escultura Digital con ZBrush: Escultura I - Cursos ZBrush UPV<\/title>\n<meta name=\"robots\" content=\"index, follow, max-snippet:-1, max-image-preview:large, max-video-preview:-1\" \/>\n<link rel=\"canonical\" href=\"https:\/\/zbrush.dpi.upv.es\/wordpress\/cursos\/escultura-1\/\" class=\"yoast-seo-meta-tag\" \/>\n<meta property=\"og:locale\" content=\"es_ES\" class=\"yoast-seo-meta-tag\" \/>\n<meta property=\"og:type\" content=\"article\" class=\"yoast-seo-meta-tag\" \/>\n<meta property=\"og:title\" content=\"Escultura Digital con ZBrush: Escultura I - Cursos ZBrush UPV\" class=\"yoast-seo-meta-tag\" \/>\n<meta property=\"og:url\" content=\"https:\/\/zbrush.dpi.upv.es\/wordpress\/cursos\/escultura-1\/\" class=\"yoast-seo-meta-tag\" \/>\n<meta property=\"og:site_name\" content=\"Cursos ZBrush UPV\" class=\"yoast-seo-meta-tag\" \/>\n<meta property=\"article:modified_time\" content=\"2018-03-24T13:54:16+00:00\" class=\"yoast-seo-meta-tag\" \/>\n<meta name=\"twitter:card\" content=\"summary_large_image\" class=\"yoast-seo-meta-tag\" \/>\n<meta name=\"twitter:label1\" content=\"Tiempo de lectura\" class=\"yoast-seo-meta-tag\" \/>\n\t<meta name=\"twitter:data1\" content=\"8 minutos\" class=\"yoast-seo-meta-tag\" \/>\n<script type=\"application\/ld+json\" class=\"yoast-schema-graph\">{\"@context\":\"https:\/\/schema.org\",\"@graph\":[{\"@type\":\"WebPage\",\"@id\":\"https:\/\/zbrush.dpi.upv.es\/wordpress\/cursos\/escultura-1\/\",\"url\":\"https:\/\/zbrush.dpi.upv.es\/wordpress\/cursos\/escultura-1\/\",\"name\":\"Escultura Digital con ZBrush: Escultura I - Cursos ZBrush UPV\",\"isPartOf\":{\"@id\":\"https:\/\/zbrush.dpi.upv.es\/wordpress\/#website\"},\"datePublished\":\"2014-10-15T16:47:48+00:00\",\"dateModified\":\"2018-03-24T13:54:16+00:00\",\"breadcrumb\":{\"@id\":\"https:\/\/zbrush.dpi.upv.es\/wordpress\/cursos\/escultura-1\/#breadcrumb\"},\"inLanguage\":\"es\",\"potentialAction\":[{\"@type\":\"ReadAction\",\"target\":[\"https:\/\/zbrush.dpi.upv.es\/wordpress\/cursos\/escultura-1\/\"]}]},{\"@type\":\"BreadcrumbList\",\"@id\":\"https:\/\/zbrush.dpi.upv.es\/wordpress\/cursos\/escultura-1\/#breadcrumb\",\"itemListElement\":[{\"@type\":\"ListItem\",\"position\":1,\"name\":\"Portada\",\"item\":\"https:\/\/zbrush.dpi.upv.es\/wordpress\/\"},{\"@type\":\"ListItem\",\"position\":2,\"name\":\"Cursos\",\"item\":\"https:\/\/zbrush.dpi.upv.es\/wordpress\/cursos\/\"},{\"@type\":\"ListItem\",\"position\":3,\"name\":\"Escultura Digital con ZBrush: Escultura I\"}]},{\"@type\":\"WebSite\",\"@id\":\"https:\/\/zbrush.dpi.upv.es\/wordpress\/#website\",\"url\":\"https:\/\/zbrush.dpi.upv.es\/wordpress\/\",\"name\":\"Cursos ZBrush UPV\",\"description\":\"P\u00e1gina de Jorge Alcaide sobre ZBrush y Digital Sculpting\",\"potentialAction\":[{\"@type\":\"SearchAction\",\"target\":{\"@type\":\"EntryPoint\",\"urlTemplate\":\"https:\/\/zbrush.dpi.upv.es\/wordpress\/?s={search_term_string}\"},\"query-input\":{\"@type\":\"PropertyValueSpecification\",\"valueRequired\":true,\"valueName\":\"search_term_string\"}}],\"inLanguage\":\"es\"}]}<\/script>\n<!-- \/ Yoast SEO plugin. -->","yoast_head_json":{"title":"Escultura Digital con ZBrush: Escultura I - Cursos ZBrush UPV","robots":{"index":"index","follow":"follow","max-snippet":"max-snippet:-1","max-image-preview":"max-image-preview:large","max-video-preview":"max-video-preview:-1"},"canonical":"https:\/\/zbrush.dpi.upv.es\/wordpress\/cursos\/escultura-1\/","og_locale":"es_ES","og_type":"article","og_title":"Escultura Digital con ZBrush: Escultura I - Cursos ZBrush UPV","og_url":"https:\/\/zbrush.dpi.upv.es\/wordpress\/cursos\/escultura-1\/","og_site_name":"Cursos ZBrush UPV","article_modified_time":"2018-03-24T13:54:16+00:00","twitter_card":"summary_large_image","twitter_misc":{"Tiempo de lectura":"8 minutos"},"schema":{"@context":"https:\/\/schema.org","@graph":[{"@type":"WebPage","@id":"https:\/\/zbrush.dpi.upv.es\/wordpress\/cursos\/escultura-1\/","url":"https:\/\/zbrush.dpi.upv.es\/wordpress\/cursos\/escultura-1\/","name":"Escultura Digital con ZBrush: Escultura I - Cursos ZBrush UPV","isPartOf":{"@id":"https:\/\/zbrush.dpi.upv.es\/wordpress\/#website"},"datePublished":"2014-10-15T16:47:48+00:00","dateModified":"2018-03-24T13:54:16+00:00","breadcrumb":{"@id":"https:\/\/zbrush.dpi.upv.es\/wordpress\/cursos\/escultura-1\/#breadcrumb"},"inLanguage":"es","potentialAction":[{"@type":"ReadAction","target":["https:\/\/zbrush.dpi.upv.es\/wordpress\/cursos\/escultura-1\/"]}]},{"@type":"BreadcrumbList","@id":"https:\/\/zbrush.dpi.upv.es\/wordpress\/cursos\/escultura-1\/#breadcrumb","itemListElement":[{"@type":"ListItem","position":1,"name":"Portada","item":"https:\/\/zbrush.dpi.upv.es\/wordpress\/"},{"@type":"ListItem","position":2,"name":"Cursos","item":"https:\/\/zbrush.dpi.upv.es\/wordpress\/cursos\/"},{"@type":"ListItem","position":3,"name":"Escultura Digital con ZBrush: Escultura I"}]},{"@type":"WebSite","@id":"https:\/\/zbrush.dpi.upv.es\/wordpress\/#website","url":"https:\/\/zbrush.dpi.upv.es\/wordpress\/","name":"Cursos ZBrush UPV","description":"P\u00e1gina de Jorge Alcaide sobre ZBrush y Digital Sculpting","potentialAction":[{"@type":"SearchAction","target":{"@type":"EntryPoint","urlTemplate":"https:\/\/zbrush.dpi.upv.es\/wordpress\/?s={search_term_string}"},"query-input":{"@type":"PropertyValueSpecification","valueRequired":true,"valueName":"search_term_string"}}],"inLanguage":"es"}]}},"_links":{"self":[{"href":"https:\/\/zbrush.dpi.upv.es\/wordpress\/wp-json\/wp\/v2\/pages\/4504","targetHints":{"allow":["GET"]}}],"collection":[{"href":"https:\/\/zbrush.dpi.upv.es\/wordpress\/wp-json\/wp\/v2\/pages"}],"about":[{"href":"https:\/\/zbrush.dpi.upv.es\/wordpress\/wp-json\/wp\/v2\/types\/page"}],"author":[{"embeddable":true,"href":"https:\/\/zbrush.dpi.upv.es\/wordpress\/wp-json\/wp\/v2\/users\/1"}],"replies":[{"embeddable":true,"href":"https:\/\/zbrush.dpi.upv.es\/wordpress\/wp-json\/wp\/v2\/comments?post=4504"}],"version-history":[{"count":61,"href":"https:\/\/zbrush.dpi.upv.es\/wordpress\/wp-json\/wp\/v2\/pages\/4504\/revisions"}],"predecessor-version":[{"id":7713,"href":"https:\/\/zbrush.dpi.upv.es\/wordpress\/wp-json\/wp\/v2\/pages\/4504\/revisions\/7713"}],"up":[{"embeddable":true,"href":"https:\/\/zbrush.dpi.upv.es\/wordpress\/wp-json\/wp\/v2\/pages\/21"}],"wp:attachment":[{"href":"https:\/\/zbrush.dpi.upv.es\/wordpress\/wp-json\/wp\/v2\/media?parent=4504"}],"curies":[{"name":"wp","href":"https:\/\/api.w.org\/{rel}","templated":true}]}}