

{"id":262,"date":"2010-12-11T17:04:16","date_gmt":"2010-12-11T16:04:16","guid":{"rendered":"http:\/\/zbrush.dpi.upv.es\/wordpress\/?page_id=262"},"modified":"2014-05-08T09:53:31","modified_gmt":"2014-05-08T08:53:31","slug":"agradecimientos","status":"publish","type":"page","link":"https:\/\/zbrush.dpi.upv.es\/wordpress\/agradecimientos\/","title":{"rendered":"Agradecimientos"},"content":{"rendered":"<p>La infraestructura necesaria para la puesta en marcha de esta web bajo WordPress ha sido implantada y es eficientemente supervisada por <strong>Jos\u00e9 Manuel Arrufat (alias Pepe)<\/strong>, amo y se\u00f1or de los entresijos inform\u00e1ticos del Departamento de Proyectos de Ingenier\u00eda. A esta desinteresada labor hay que a\u00f1adir el soporte t\u00e9cnico que, por igual amor al arte, aporta en la impartici\u00f3n de los cursos en las aulas del Departamento.<\/p>\n<p>En todas estas tareas (y muchas otras que realizan sin que apenas nos enteremos y sin que sean estrictamente obligaci\u00f3n suya) es apoyado por <strong>Roberto Elena (alias Roberto)<\/strong>, segundo de a bordo en tales menesteres.<\/p>\n<p>Vaya por tanto desde aqu\u00ed mi agradecimiento a ambos, materializable en forma de invitaci\u00f3n a La Pascuala cuando vuesas mercedes gusten.<\/p>\n<p>Jorge.<\/p>\n","protected":false},"excerpt":{"rendered":"<p>La infraestructura necesaria para la puesta en marcha de esta web bajo WordPress ha sido implantada y es eficientemente supervisada por Jos\u00e9 Manuel Arrufat (alias Pepe), amo y se\u00f1or de los entresijos inform\u00e1ticos del Departamento de Proyectos de Ingenier\u00eda. A esta desinteresada labor hay que a\u00f1adir el soporte t\u00e9cnico que, por igual amor al arte,  [&#8230;]<\/p>\n","protected":false},"author":1,"featured_media":0,"parent":0,"menu_order":8,"comment_status":"closed","ping_status":"closed","template":"","meta":{"_bbp_topic_count":0,"_bbp_reply_count":0,"_bbp_total_topic_count":0,"_bbp_total_reply_count":0,"_bbp_voice_count":0,"_bbp_anonymous_reply_count":0,"_bbp_topic_count_hidden":0,"_bbp_reply_count_hidden":0,"_bbp_forum_subforum_count":0,"_eb_attr":"","ngg_post_thumbnail":0,"footnotes":""},"class_list":["post-262","page","type-page","status-publish","hentry"],"yoast_head":"<!-- This site is optimized with the Yoast SEO plugin v26.1.1 - https:\/\/yoast.com\/wordpress\/plugins\/seo\/ -->\n<title>Agradecimientos - Cursos ZBrush UPV<\/title>\n<meta name=\"robots\" content=\"index, follow, max-snippet:-1, max-image-preview:large, max-video-preview:-1\" \/>\n<link rel=\"canonical\" href=\"https:\/\/zbrush.dpi.upv.es\/wordpress\/agradecimientos\/\" class=\"yoast-seo-meta-tag\" \/>\n<meta property=\"og:locale\" content=\"es_ES\" class=\"yoast-seo-meta-tag\" \/>\n<meta property=\"og:type\" content=\"article\" class=\"yoast-seo-meta-tag\" \/>\n<meta property=\"og:title\" content=\"Agradecimientos - Cursos ZBrush UPV\" class=\"yoast-seo-meta-tag\" \/>\n<meta property=\"og:description\" content=\"La infraestructura necesaria para la puesta en marcha de esta web bajo WordPress ha sido implantada y es eficientemente supervisada por Jos\u00e9 Manuel Arrufat (alias Pepe), amo y se\u00f1or de los entresijos inform\u00e1ticos del Departamento de Proyectos de Ingenier\u00eda. A esta desinteresada labor hay que a\u00f1adir el soporte t\u00e9cnico que, por igual amor al arte, [...]\" class=\"yoast-seo-meta-tag\" \/>\n<meta property=\"og:url\" content=\"https:\/\/zbrush.dpi.upv.es\/wordpress\/agradecimientos\/\" class=\"yoast-seo-meta-tag\" \/>\n<meta property=\"og:site_name\" content=\"Cursos ZBrush UPV\" class=\"yoast-seo-meta-tag\" \/>\n<meta property=\"article:modified_time\" content=\"2014-05-08T08:53:31+00:00\" class=\"yoast-seo-meta-tag\" \/>\n<meta name=\"twitter:card\" content=\"summary_large_image\" class=\"yoast-seo-meta-tag\" \/>\n<meta name=\"twitter:label1\" content=\"Tiempo de lectura\" class=\"yoast-seo-meta-tag\" \/>\n\t<meta name=\"twitter:data1\" content=\"1 minuto\" class=\"yoast-seo-meta-tag\" \/>\n<script type=\"application\/ld+json\" class=\"yoast-schema-graph\">{\"@context\":\"https:\/\/schema.org\",\"@graph\":[{\"@type\":\"WebPage\",\"@id\":\"https:\/\/zbrush.dpi.upv.es\/wordpress\/agradecimientos\/\",\"url\":\"https:\/\/zbrush.dpi.upv.es\/wordpress\/agradecimientos\/\",\"name\":\"Agradecimientos - Cursos ZBrush UPV\",\"isPartOf\":{\"@id\":\"https:\/\/zbrush.dpi.upv.es\/wordpress\/#website\"},\"datePublished\":\"2010-12-11T16:04:16+00:00\",\"dateModified\":\"2014-05-08T08:53:31+00:00\",\"breadcrumb\":{\"@id\":\"https:\/\/zbrush.dpi.upv.es\/wordpress\/agradecimientos\/#breadcrumb\"},\"inLanguage\":\"es\",\"potentialAction\":[{\"@type\":\"ReadAction\",\"target\":[\"https:\/\/zbrush.dpi.upv.es\/wordpress\/agradecimientos\/\"]}]},{\"@type\":\"BreadcrumbList\",\"@id\":\"https:\/\/zbrush.dpi.upv.es\/wordpress\/agradecimientos\/#breadcrumb\",\"itemListElement\":[{\"@type\":\"ListItem\",\"position\":1,\"name\":\"Portada\",\"item\":\"https:\/\/zbrush.dpi.upv.es\/wordpress\/\"},{\"@type\":\"ListItem\",\"position\":2,\"name\":\"Agradecimientos\"}]},{\"@type\":\"WebSite\",\"@id\":\"https:\/\/zbrush.dpi.upv.es\/wordpress\/#website\",\"url\":\"https:\/\/zbrush.dpi.upv.es\/wordpress\/\",\"name\":\"Cursos ZBrush UPV\",\"description\":\"P\u00e1gina de Jorge Alcaide sobre ZBrush y Digital Sculpting\",\"potentialAction\":[{\"@type\":\"SearchAction\",\"target\":{\"@type\":\"EntryPoint\",\"urlTemplate\":\"https:\/\/zbrush.dpi.upv.es\/wordpress\/?s={search_term_string}\"},\"query-input\":{\"@type\":\"PropertyValueSpecification\",\"valueRequired\":true,\"valueName\":\"search_term_string\"}}],\"inLanguage\":\"es\"}]}<\/script>\n<!-- \/ Yoast SEO plugin. -->","yoast_head_json":{"title":"Agradecimientos - Cursos ZBrush UPV","robots":{"index":"index","follow":"follow","max-snippet":"max-snippet:-1","max-image-preview":"max-image-preview:large","max-video-preview":"max-video-preview:-1"},"canonical":"https:\/\/zbrush.dpi.upv.es\/wordpress\/agradecimientos\/","og_locale":"es_ES","og_type":"article","og_title":"Agradecimientos - Cursos ZBrush UPV","og_description":"La infraestructura necesaria para la puesta en marcha de esta web bajo WordPress ha sido implantada y es eficientemente supervisada por Jos\u00e9 Manuel Arrufat (alias Pepe), amo y se\u00f1or de los entresijos inform\u00e1ticos del Departamento de Proyectos de Ingenier\u00eda. A esta desinteresada labor hay que a\u00f1adir el soporte t\u00e9cnico que, por igual amor al arte, [...]","og_url":"https:\/\/zbrush.dpi.upv.es\/wordpress\/agradecimientos\/","og_site_name":"Cursos ZBrush UPV","article_modified_time":"2014-05-08T08:53:31+00:00","twitter_card":"summary_large_image","twitter_misc":{"Tiempo de lectura":"1 minuto"},"schema":{"@context":"https:\/\/schema.org","@graph":[{"@type":"WebPage","@id":"https:\/\/zbrush.dpi.upv.es\/wordpress\/agradecimientos\/","url":"https:\/\/zbrush.dpi.upv.es\/wordpress\/agradecimientos\/","name":"Agradecimientos - Cursos ZBrush UPV","isPartOf":{"@id":"https:\/\/zbrush.dpi.upv.es\/wordpress\/#website"},"datePublished":"2010-12-11T16:04:16+00:00","dateModified":"2014-05-08T08:53:31+00:00","breadcrumb":{"@id":"https:\/\/zbrush.dpi.upv.es\/wordpress\/agradecimientos\/#breadcrumb"},"inLanguage":"es","potentialAction":[{"@type":"ReadAction","target":["https:\/\/zbrush.dpi.upv.es\/wordpress\/agradecimientos\/"]}]},{"@type":"BreadcrumbList","@id":"https:\/\/zbrush.dpi.upv.es\/wordpress\/agradecimientos\/#breadcrumb","itemListElement":[{"@type":"ListItem","position":1,"name":"Portada","item":"https:\/\/zbrush.dpi.upv.es\/wordpress\/"},{"@type":"ListItem","position":2,"name":"Agradecimientos"}]},{"@type":"WebSite","@id":"https:\/\/zbrush.dpi.upv.es\/wordpress\/#website","url":"https:\/\/zbrush.dpi.upv.es\/wordpress\/","name":"Cursos ZBrush UPV","description":"P\u00e1gina de Jorge Alcaide sobre ZBrush y Digital Sculpting","potentialAction":[{"@type":"SearchAction","target":{"@type":"EntryPoint","urlTemplate":"https:\/\/zbrush.dpi.upv.es\/wordpress\/?s={search_term_string}"},"query-input":{"@type":"PropertyValueSpecification","valueRequired":true,"valueName":"search_term_string"}}],"inLanguage":"es"}]}},"_links":{"self":[{"href":"https:\/\/zbrush.dpi.upv.es\/wordpress\/wp-json\/wp\/v2\/pages\/262","targetHints":{"allow":["GET"]}}],"collection":[{"href":"https:\/\/zbrush.dpi.upv.es\/wordpress\/wp-json\/wp\/v2\/pages"}],"about":[{"href":"https:\/\/zbrush.dpi.upv.es\/wordpress\/wp-json\/wp\/v2\/types\/page"}],"author":[{"embeddable":true,"href":"https:\/\/zbrush.dpi.upv.es\/wordpress\/wp-json\/wp\/v2\/users\/1"}],"replies":[{"embeddable":true,"href":"https:\/\/zbrush.dpi.upv.es\/wordpress\/wp-json\/wp\/v2\/comments?post=262"}],"version-history":[{"count":7,"href":"https:\/\/zbrush.dpi.upv.es\/wordpress\/wp-json\/wp\/v2\/pages\/262\/revisions"}],"predecessor-version":[{"id":4356,"href":"https:\/\/zbrush.dpi.upv.es\/wordpress\/wp-json\/wp\/v2\/pages\/262\/revisions\/4356"}],"wp:attachment":[{"href":"https:\/\/zbrush.dpi.upv.es\/wordpress\/wp-json\/wp\/v2\/media?parent=262"}],"curies":[{"name":"wp","href":"https:\/\/api.w.org\/{rel}","templated":true}]}}