

{"id":24,"date":"2010-11-07T22:32:26","date_gmt":"2010-11-07T22:32:26","guid":{"rendered":"http:\/\/zbrushers.wordpress.com\/?page_id=2"},"modified":"2015-05-22T17:51:09","modified_gmt":"2015-05-22T16:51:09","slug":"acerc","status":"publish","type":"page","link":"https:\/\/zbrush.dpi.upv.es\/wordpress\/acerc\/","title":{"rendered":"Acerca de"},"content":{"rendered":"<p>ZBrushers est\u00e1 mantenida por Jorge Alcaide Marzal, ingeniero industrial con cierta vocaci\u00f3n pseudoart\u00edstica (perd\u00f3n por el ox\u00edmoron).<\/p>\n<p>Soy profesor del Departamento de Proyectos de Ingenier\u00eda en la Universidad Polit\u00e9cnica de Valencia.<\/p>\n<p>Actualmente imparto clases de Dise\u00f1o Industrial en la Escuela T\u00e9cnica Superior de Ingenier\u00eda del Dise\u00f1o, en el grado de Ingeniero T\u00e9cnico en Dise\u00f1o Industrial y Desarrollo de Productos y en el Master de Ingenier\u00eda del Dise\u00f1o. En este \u00faltimo imparto una asignatura sobre Bocetado 3D y conceptualizaci\u00f3n de productos en la que utilizamos ZBrush como herramienta de dise\u00f1o conceptual, y otra sobre dise\u00f1o digital en la que aprovechamos la potencia del ordenador y las nuevas tecnolog\u00edas para el desarrollo de productos.<\/p>\n<p>Mi afici\u00f3n por este tipo de software est\u00e1 vinculada a la pasi\u00f3n por el dibujo, en particular el dibujo de c\u00f3mics. Fue la exploraci\u00f3n sobre nuevas formas de trabajar en este campo la que me llev\u00f3 hasta el fascinante mundo de la escultura digital.<\/p>\n<p>Gracias por la visita, y como dicen por <a href=\"http:\/\/www.zbrushcentral.com\/\" target=\"_blank\">ZBrushCentral<\/a>, happy zbrushing!<\/p>\n<p>Jorge.<\/p>\n","protected":false},"excerpt":{"rendered":"<p>ZBrushers est\u00e1 mantenida por Jorge Alcaide Marzal, ingeniero industrial con cierta vocaci\u00f3n pseudoart\u00edstica (perd\u00f3n por el ox\u00edmoron). Soy profesor del Departamento de Proyectos de Ingenier\u00eda en la Universidad Polit\u00e9cnica de Valencia. Actualmente imparto clases de Dise\u00f1o Industrial en la Escuela T\u00e9cnica Superior de Ingenier\u00eda del Dise\u00f1o, en el grado de Ingeniero T\u00e9cnico en Dise\u00f1o Industrial  [&#8230;]<\/p>\n","protected":false},"author":1,"featured_media":0,"parent":0,"menu_order":6,"comment_status":"closed","ping_status":"closed","template":"","meta":{"_bbp_topic_count":0,"_bbp_reply_count":0,"_bbp_total_topic_count":0,"_bbp_total_reply_count":0,"_bbp_voice_count":0,"_bbp_anonymous_reply_count":0,"_bbp_topic_count_hidden":0,"_bbp_reply_count_hidden":0,"_bbp_forum_subforum_count":0,"_eb_attr":"","ngg_post_thumbnail":0,"footnotes":""},"class_list":["post-24","page","type-page","status-publish","hentry"],"yoast_head":"<!-- This site is optimized with the Yoast SEO plugin v26.1.1 - https:\/\/yoast.com\/wordpress\/plugins\/seo\/ -->\n<title>Acerca de - Cursos ZBrush UPV<\/title>\n<meta name=\"robots\" content=\"index, follow, max-snippet:-1, max-image-preview:large, max-video-preview:-1\" \/>\n<link rel=\"canonical\" href=\"https:\/\/zbrush.dpi.upv.es\/wordpress\/acerc\/\" class=\"yoast-seo-meta-tag\" \/>\n<meta property=\"og:locale\" content=\"es_ES\" class=\"yoast-seo-meta-tag\" \/>\n<meta property=\"og:type\" content=\"article\" class=\"yoast-seo-meta-tag\" \/>\n<meta property=\"og:title\" content=\"Acerca de - Cursos ZBrush UPV\" class=\"yoast-seo-meta-tag\" \/>\n<meta property=\"og:description\" content=\"ZBrushers est\u00e1 mantenida por Jorge Alcaide Marzal, ingeniero industrial con cierta vocaci\u00f3n pseudoart\u00edstica (perd\u00f3n por el ox\u00edmoron). Soy profesor del Departamento de Proyectos de Ingenier\u00eda en la Universidad Polit\u00e9cnica de Valencia. Actualmente imparto clases de Dise\u00f1o Industrial en la Escuela T\u00e9cnica Superior de Ingenier\u00eda del Dise\u00f1o, en el grado de Ingeniero T\u00e9cnico en Dise\u00f1o Industrial [...]\" class=\"yoast-seo-meta-tag\" \/>\n<meta property=\"og:url\" content=\"https:\/\/zbrush.dpi.upv.es\/wordpress\/acerc\/\" class=\"yoast-seo-meta-tag\" \/>\n<meta property=\"og:site_name\" content=\"Cursos ZBrush UPV\" class=\"yoast-seo-meta-tag\" \/>\n<meta property=\"article:modified_time\" content=\"2015-05-22T16:51:09+00:00\" class=\"yoast-seo-meta-tag\" \/>\n<meta name=\"twitter:card\" content=\"summary_large_image\" class=\"yoast-seo-meta-tag\" \/>\n<meta name=\"twitter:label1\" content=\"Tiempo de lectura\" class=\"yoast-seo-meta-tag\" \/>\n\t<meta name=\"twitter:data1\" content=\"1 minuto\" class=\"yoast-seo-meta-tag\" \/>\n<script type=\"application\/ld+json\" class=\"yoast-schema-graph\">{\"@context\":\"https:\/\/schema.org\",\"@graph\":[{\"@type\":\"WebPage\",\"@id\":\"https:\/\/zbrush.dpi.upv.es\/wordpress\/acerc\/\",\"url\":\"https:\/\/zbrush.dpi.upv.es\/wordpress\/acerc\/\",\"name\":\"Acerca de - Cursos ZBrush UPV\",\"isPartOf\":{\"@id\":\"https:\/\/zbrush.dpi.upv.es\/wordpress\/#website\"},\"datePublished\":\"2010-11-07T22:32:26+00:00\",\"dateModified\":\"2015-05-22T16:51:09+00:00\",\"breadcrumb\":{\"@id\":\"https:\/\/zbrush.dpi.upv.es\/wordpress\/acerc\/#breadcrumb\"},\"inLanguage\":\"es\",\"potentialAction\":[{\"@type\":\"ReadAction\",\"target\":[\"https:\/\/zbrush.dpi.upv.es\/wordpress\/acerc\/\"]}]},{\"@type\":\"BreadcrumbList\",\"@id\":\"https:\/\/zbrush.dpi.upv.es\/wordpress\/acerc\/#breadcrumb\",\"itemListElement\":[{\"@type\":\"ListItem\",\"position\":1,\"name\":\"Portada\",\"item\":\"https:\/\/zbrush.dpi.upv.es\/wordpress\/\"},{\"@type\":\"ListItem\",\"position\":2,\"name\":\"Acerca de\"}]},{\"@type\":\"WebSite\",\"@id\":\"https:\/\/zbrush.dpi.upv.es\/wordpress\/#website\",\"url\":\"https:\/\/zbrush.dpi.upv.es\/wordpress\/\",\"name\":\"Cursos ZBrush UPV\",\"description\":\"P\u00e1gina de Jorge Alcaide sobre ZBrush y Digital Sculpting\",\"potentialAction\":[{\"@type\":\"SearchAction\",\"target\":{\"@type\":\"EntryPoint\",\"urlTemplate\":\"https:\/\/zbrush.dpi.upv.es\/wordpress\/?s={search_term_string}\"},\"query-input\":{\"@type\":\"PropertyValueSpecification\",\"valueRequired\":true,\"valueName\":\"search_term_string\"}}],\"inLanguage\":\"es\"}]}<\/script>\n<!-- \/ Yoast SEO plugin. -->","yoast_head_json":{"title":"Acerca de - Cursos ZBrush UPV","robots":{"index":"index","follow":"follow","max-snippet":"max-snippet:-1","max-image-preview":"max-image-preview:large","max-video-preview":"max-video-preview:-1"},"canonical":"https:\/\/zbrush.dpi.upv.es\/wordpress\/acerc\/","og_locale":"es_ES","og_type":"article","og_title":"Acerca de - Cursos ZBrush UPV","og_description":"ZBrushers est\u00e1 mantenida por Jorge Alcaide Marzal, ingeniero industrial con cierta vocaci\u00f3n pseudoart\u00edstica (perd\u00f3n por el ox\u00edmoron). Soy profesor del Departamento de Proyectos de Ingenier\u00eda en la Universidad Polit\u00e9cnica de Valencia. Actualmente imparto clases de Dise\u00f1o Industrial en la Escuela T\u00e9cnica Superior de Ingenier\u00eda del Dise\u00f1o, en el grado de Ingeniero T\u00e9cnico en Dise\u00f1o Industrial [...]","og_url":"https:\/\/zbrush.dpi.upv.es\/wordpress\/acerc\/","og_site_name":"Cursos ZBrush UPV","article_modified_time":"2015-05-22T16:51:09+00:00","twitter_card":"summary_large_image","twitter_misc":{"Tiempo de lectura":"1 minuto"},"schema":{"@context":"https:\/\/schema.org","@graph":[{"@type":"WebPage","@id":"https:\/\/zbrush.dpi.upv.es\/wordpress\/acerc\/","url":"https:\/\/zbrush.dpi.upv.es\/wordpress\/acerc\/","name":"Acerca de - Cursos ZBrush UPV","isPartOf":{"@id":"https:\/\/zbrush.dpi.upv.es\/wordpress\/#website"},"datePublished":"2010-11-07T22:32:26+00:00","dateModified":"2015-05-22T16:51:09+00:00","breadcrumb":{"@id":"https:\/\/zbrush.dpi.upv.es\/wordpress\/acerc\/#breadcrumb"},"inLanguage":"es","potentialAction":[{"@type":"ReadAction","target":["https:\/\/zbrush.dpi.upv.es\/wordpress\/acerc\/"]}]},{"@type":"BreadcrumbList","@id":"https:\/\/zbrush.dpi.upv.es\/wordpress\/acerc\/#breadcrumb","itemListElement":[{"@type":"ListItem","position":1,"name":"Portada","item":"https:\/\/zbrush.dpi.upv.es\/wordpress\/"},{"@type":"ListItem","position":2,"name":"Acerca de"}]},{"@type":"WebSite","@id":"https:\/\/zbrush.dpi.upv.es\/wordpress\/#website","url":"https:\/\/zbrush.dpi.upv.es\/wordpress\/","name":"Cursos ZBrush UPV","description":"P\u00e1gina de Jorge Alcaide sobre ZBrush y Digital Sculpting","potentialAction":[{"@type":"SearchAction","target":{"@type":"EntryPoint","urlTemplate":"https:\/\/zbrush.dpi.upv.es\/wordpress\/?s={search_term_string}"},"query-input":{"@type":"PropertyValueSpecification","valueRequired":true,"valueName":"search_term_string"}}],"inLanguage":"es"}]}},"_links":{"self":[{"href":"https:\/\/zbrush.dpi.upv.es\/wordpress\/wp-json\/wp\/v2\/pages\/24","targetHints":{"allow":["GET"]}}],"collection":[{"href":"https:\/\/zbrush.dpi.upv.es\/wordpress\/wp-json\/wp\/v2\/pages"}],"about":[{"href":"https:\/\/zbrush.dpi.upv.es\/wordpress\/wp-json\/wp\/v2\/types\/page"}],"author":[{"embeddable":true,"href":"https:\/\/zbrush.dpi.upv.es\/wordpress\/wp-json\/wp\/v2\/users\/1"}],"replies":[{"embeddable":true,"href":"https:\/\/zbrush.dpi.upv.es\/wordpress\/wp-json\/wp\/v2\/comments?post=24"}],"version-history":[{"count":18,"href":"https:\/\/zbrush.dpi.upv.es\/wordpress\/wp-json\/wp\/v2\/pages\/24\/revisions"}],"predecessor-version":[{"id":4354,"href":"https:\/\/zbrush.dpi.upv.es\/wordpress\/wp-json\/wp\/v2\/pages\/24\/revisions\/4354"}],"wp:attachment":[{"href":"https:\/\/zbrush.dpi.upv.es\/wordpress\/wp-json\/wp\/v2\/media?parent=24"}],"curies":[{"name":"wp","href":"https:\/\/api.w.org\/{rel}","templated":true}]}}