

{"id":150,"date":"2010-12-01T10:31:51","date_gmt":"2010-12-01T09:31:51","guid":{"rendered":"http:\/\/zbrush.dpi.upv.es\/wordpress\/?page_id=150"},"modified":"2022-04-28T09:05:12","modified_gmt":"2022-04-28T08:05:12","slug":"trabajos-de-alumnos","status":"publish","type":"page","link":"https:\/\/zbrush.dpi.upv.es\/wordpress\/portafolio\/trabajos-de-alumnos\/","title":{"rendered":"Trabajos de alumnos"},"content":{"rendered":"<div class=\"fusion-fullwidth fullwidth-box fusion-builder-row-1 fusion-flex-container nonhundred-percent-fullwidth non-hundred-percent-height-scrolling\" style=\"--awb-border-radius-top-left:0px;--awb-border-radius-top-right:0px;--awb-border-radius-bottom-right:0px;--awb-border-radius-bottom-left:0px;--awb-flex-wrap:wrap;\" ><div class=\"fusion-builder-row fusion-row fusion-flex-align-items-flex-start fusion-flex-content-wrap\" style=\"max-width:1144px;margin-left: calc(-4% \/ 2 );margin-right: calc(-4% \/ 2 );\"><div class=\"fusion-layout-column fusion_builder_column fusion-builder-column-0 fusion_builder_column_1_1 1_1 fusion-flex-column\" style=\"--awb-bg-size:cover;--awb-width-large:100%;--awb-margin-top-large:0px;--awb-spacing-right-large:1.92%;--awb-margin-bottom-large:0px;--awb-spacing-left-large:1.92%;--awb-width-medium:100%;--awb-spacing-right-medium:1.92%;--awb-spacing-left-medium:1.92%;--awb-width-small:100%;--awb-spacing-right-small:1.92%;--awb-spacing-left-small:1.92%;\"><div class=\"fusion-column-wrapper fusion-flex-justify-content-flex-start fusion-content-layout-column\"><div class=\"fusion-text fusion-text-1\" style=\"--awb-text-transform:none;\"><p>En esta galer\u00eda ir\u00e9 colgando las im\u00e1genes que amablemente me hagan llegar los alumnos de los cursos o asignaturas en los que se trabaja con ZBrush. En algunos casos he perdido la referencia del autor del modelo, y lo he incluido como &#8220;an\u00f3nimo&#8221;. Seguramente ser\u00e1 mucha casualidad, pero si alguien de estos an\u00f3nimos entra y ve su obra sin autor\u00eda, acepte por favor mis sinceras disculpas. Sin m\u00e1s que comunic\u00e1rmelo ver\u00e1 el error subsanado. Gracias por la comprensi\u00f3n.<\/p>\n<\/div><div class=\"fusion-title title fusion-title-1 fusion-title-text fusion-title-size-one\"><div class=\"title-sep-container title-sep-container-left fusion-no-large-visibility fusion-no-medium-visibility fusion-no-small-visibility\"><div class=\"title-sep sep-double sep-solid\" style=\"border-color:#e0dede;\"><\/div><\/div><span class=\"awb-title-spacer fusion-no-large-visibility fusion-no-medium-visibility fusion-no-small-visibility\"><\/span><h1 class=\"fusion-title-heading title-heading-left\" style=\"margin:0;\">TRABAJOS POSTERIORES A 2019<\/h1><span class=\"awb-title-spacer\"><\/span><div class=\"title-sep-container title-sep-container-right\"><div class=\"title-sep sep-double sep-solid\" style=\"border-color:#e0dede;\"><\/div><\/div><\/div><div class=\"fusion-blog-shortcode fusion-blog-shortcode-1 fusion-blog-archive fusion-blog-layout-grid-wrapper fusion-blog-pagination fusion-blog-layout-center\"><style type=\"text\/css\">.fusion-blog-shortcode-1 .fusion-blog-layout-grid .fusion-post-grid{padding:20px;}.fusion-blog-shortcode-1 .fusion-posts-container{margin-left: -20px !important; margin-right:-20px !important;}<\/style><div class=\"fusion-posts-container fusion-posts-container-pagination fusion-no-meta-info fusion-blog-rollover fusion-blog-layout-grid fusion-blog-layout-grid-3 isotope fusion-blog-equal-heights\" data-pages=\"1\" data-grid-col-space=\"40\" style=\"margin: -20px -20px 0;min-height:500px;\"><article id=\"blog-1-post-15125\" class=\"fusion-post-grid post-15125 post type-post status-publish format-standard has-post-thumbnail hentry category-diseno-de-producto category-trabajos-de-alumnos category-zbrush-2 tag-bocetado-3d tag-diseno-de-producto-2 tag-escultura-digital tag-modelado tag-zbrush\">\n<div class=\"fusion-post-wrapper\" style=\"background-color:rgba(255,255,255,0);border:1px solid #ebeaea;border-bottom-width:3px;\">\n\n\t\t\t<div class=\"fusion-flexslider flexslider fusion-flexslider-loading fusion-post-slideshow\" style=\"border-color:#ebeaea;\">\n\t\t<ul class=\"slides\">\n\t\t\t\n\t\t\t\t\t\t\t\t\t\t\t\t\t\t<li><div  class=\"fusion-image-wrapper\" aria-haspopup=\"true\">\n\t\t\t\t<img decoding=\"async\" width=\"800\" height=\"520\" src=\"https:\/\/zbrush.dpi.upv.es\/wordpress\/wp-content\/uploads\/2022\/03\/2021-2022_id.jpg\" class=\"attachment-full size-full wp-post-image\" alt=\"\" srcset=\"https:\/\/zbrush.dpi.upv.es\/wordpress\/wp-content\/uploads\/2022\/03\/2021-2022_id-200x130.jpg 200w, https:\/\/zbrush.dpi.upv.es\/wordpress\/wp-content\/uploads\/2022\/03\/2021-2022_id-400x260.jpg 400w, https:\/\/zbrush.dpi.upv.es\/wordpress\/wp-content\/uploads\/2022\/03\/2021-2022_id-600x390.jpg 600w, https:\/\/zbrush.dpi.upv.es\/wordpress\/wp-content\/uploads\/2022\/03\/2021-2022_id.jpg 800w\" sizes=\"(min-width: 2200px) 100vw, (min-width: 824px) 340px, (min-width: 732px) 510px, (min-width: 640px) 732px, \" \/><div class=\"fusion-rollover\">\n\t<div class=\"fusion-rollover-content\">\n\n\t\t\t\t\t\t\t\t\t\t\t\t\t\t<a class=\"fusion-rollover-link\" href=\"https:\/\/zbrush.dpi.upv.es\/wordpress\/asignatura-2021-2022-finalizada\/\">\u00a1Asignatura 2021-2022 finalizada!!<\/a>\n\t\t\t\n\t\t\t\t\t\t\t\t\t\t\t\t\t\t\n\t\t\t\t\t\t\t\t\n\t\t\t\t\t\t\t\t\t\t\t\t\t<div class=\"fusion-rollover-sep\"><\/div>\n\t\t\t\t\n\t\t\t\t\t\t\t\t\t\t\t\t\t\t\t\t\t\t<a class=\"fusion-rollover-gallery\" href=\"https:\/\/zbrush.dpi.upv.es\/wordpress\/wp-content\/uploads\/2022\/03\/2021-2022_id.jpg\" data-options=\"\" data-id=\"15125\" data-rel=\"iLightbox[gallery]\" data-title=\"2021-2022_id\" data-caption=\"\">\n\t\t\t\t\t\tGaler\u00eda\t\t\t\t\t<\/a>\n\t\t\t\t\t\t\t\t\t\t\t\t\t\t\n\t\t\n\t\t\t\t\t\t\t\t\t\t\t\t<h4 class=\"fusion-rollover-title\">\n\t\t\t\t\t<a class=\"fusion-rollover-title-link\" href=\"https:\/\/zbrush.dpi.upv.es\/wordpress\/asignatura-2021-2022-finalizada\/\">\n\t\t\t\t\t\t\u00a1Asignatura 2021-2022 finalizada!!\t\t\t\t\t<\/a>\n\t\t\t\t<\/h4>\n\t\t\t\n\t\t\t\t\t\t\t\t\n\t\t\n\t\t\t\t\t\t<a class=\"fusion-link-wrapper\" href=\"https:\/\/zbrush.dpi.upv.es\/wordpress\/asignatura-2021-2022-finalizada\/\" aria-label=\"\u00a1Asignatura 2021-2022 finalizada!!\"><\/a>\n\t<\/div>\n<\/div>\n<\/div>\n<\/li>\n\t\t\t\n\t\t\t\n\t\t\t\t\t\t\t\t\t\t\t\t\t\t\t\t\t\t\t\t\t\t\t\t\t\t\t\t\t\t\t\t\t\t\t\t\t\t\t\t\t\t\t\t\t\t\t\t\t\t\t\t\t\t\t\t\t\t\t\t\t\t\t\t\t\t\t\t<\/ul>\n\t<\/div>\n\t<div class=\"fusion-post-content-wrapper\" style=\"padding:30px 25px 20px 25px; display:none;\"><div class=\"fusion-post-content post-content\"><\/div><\/div><div class=\"fusion-clearfix\"><\/div><\/div>\n<\/article>\n<article id=\"blog-1-post-14886\" class=\"fusion-post-grid post-14886 post type-post status-publish format-standard has-post-thumbnail hentry category-diseno-de-producto category-trabajos-de-alumnos category-zbrush-2 tag-bocetado-3d tag-diseno-de-producto-2 tag-escultura-digital tag-modelado tag-zbrush\">\n<div class=\"fusion-post-wrapper\" style=\"background-color:rgba(255,255,255,0);border:1px solid #ebeaea;border-bottom-width:3px;\">\n\n\t\t\t<div class=\"fusion-flexslider flexslider fusion-flexslider-loading fusion-post-slideshow\" style=\"border-color:#ebeaea;\">\n\t\t<ul class=\"slides\">\n\t\t\t\n\t\t\t\t\t\t\t\t\t\t\t\t\t\t<li><div  class=\"fusion-image-wrapper\" aria-haspopup=\"true\">\n\t\t\t\t<img decoding=\"async\" width=\"800\" height=\"520\" src=\"https:\/\/zbrush.dpi.upv.es\/wordpress\/wp-content\/uploads\/2021\/03\/asig2021fin_id.jpg\" class=\"attachment-full size-full wp-post-image\" alt=\"\" srcset=\"https:\/\/zbrush.dpi.upv.es\/wordpress\/wp-content\/uploads\/2021\/03\/asig2021fin_id-200x130.jpg 200w, https:\/\/zbrush.dpi.upv.es\/wordpress\/wp-content\/uploads\/2021\/03\/asig2021fin_id-400x260.jpg 400w, https:\/\/zbrush.dpi.upv.es\/wordpress\/wp-content\/uploads\/2021\/03\/asig2021fin_id-600x390.jpg 600w, https:\/\/zbrush.dpi.upv.es\/wordpress\/wp-content\/uploads\/2021\/03\/asig2021fin_id.jpg 800w\" sizes=\"(min-width: 2200px) 100vw, (min-width: 824px) 340px, (min-width: 732px) 510px, (min-width: 640px) 732px, \" \/><div class=\"fusion-rollover\">\n\t<div class=\"fusion-rollover-content\">\n\n\t\t\t\t\t\t\t\t\t\t\t\t\t\t<a class=\"fusion-rollover-link\" href=\"https:\/\/zbrush.dpi.upv.es\/wordpress\/asignatura-2020-2021-finalizada\/\">\u00a1Asignatura 2020-2021 finalizada!!<\/a>\n\t\t\t\n\t\t\t\t\t\t\t\t\t\t\t\t\t\t\n\t\t\t\t\t\t\t\t\n\t\t\t\t\t\t\t\t\t\t\t\t\t<div class=\"fusion-rollover-sep\"><\/div>\n\t\t\t\t\n\t\t\t\t\t\t\t\t\t\t\t\t\t\t\t\t\t\t<a class=\"fusion-rollover-gallery\" href=\"https:\/\/zbrush.dpi.upv.es\/wordpress\/wp-content\/uploads\/2021\/03\/asig2021fin_id.jpg\" data-options=\"\" data-id=\"14886\" data-rel=\"iLightbox[gallery]\" data-title=\"asig2021fin_id\" data-caption=\"\">\n\t\t\t\t\t\tGaler\u00eda\t\t\t\t\t<\/a>\n\t\t\t\t\t\t\t\t\t\t\t\t\t\t\n\t\t\n\t\t\t\t\t\t\t\t\t\t\t\t<h4 class=\"fusion-rollover-title\">\n\t\t\t\t\t<a class=\"fusion-rollover-title-link\" href=\"https:\/\/zbrush.dpi.upv.es\/wordpress\/asignatura-2020-2021-finalizada\/\">\n\t\t\t\t\t\t\u00a1Asignatura 2020-2021 finalizada!!\t\t\t\t\t<\/a>\n\t\t\t\t<\/h4>\n\t\t\t\n\t\t\t\t\t\t\t\t\n\t\t\n\t\t\t\t\t\t<a class=\"fusion-link-wrapper\" href=\"https:\/\/zbrush.dpi.upv.es\/wordpress\/asignatura-2020-2021-finalizada\/\" aria-label=\"\u00a1Asignatura 2020-2021 finalizada!!\"><\/a>\n\t<\/div>\n<\/div>\n<\/div>\n<\/li>\n\t\t\t\n\t\t\t\n\t\t\t\t\t\t\t\t\t\t\t\t\t\t\t\t\t\t\t\t\t\t\t\t\t\t\t\t\t\t\t\t\t\t\t\t\t\t\t\t\t\t\t\t\t\t\t\t\t\t\t\t\t\t\t\t\t\t\t\t\t\t\t\t\t\t\t\t<\/ul>\n\t<\/div>\n\t<div class=\"fusion-post-content-wrapper\" style=\"padding:30px 25px 20px 25px; display:none;\"><div class=\"fusion-post-content post-content\"><\/div><\/div><div class=\"fusion-clearfix\"><\/div><\/div>\n<\/article>\n<article id=\"blog-1-post-8906\" class=\"fusion-post-grid post-8906 post type-post status-publish format-standard has-post-thumbnail hentry category-diseno-de-producto category-trabajos-de-alumnos category-zbrush-2 tag-bocetado-3d tag-diseno-de-producto-2 tag-escultura-digital tag-modelado tag-zbrush\">\n<div class=\"fusion-post-wrapper\" style=\"background-color:rgba(255,255,255,0);border:1px solid #ebeaea;border-bottom-width:3px;\">\n\n\t\t\t<div class=\"fusion-flexslider flexslider fusion-flexslider-loading fusion-post-slideshow\" style=\"border-color:#ebeaea;\">\n\t\t<ul class=\"slides\">\n\t\t\t\n\t\t\t\t\t\t\t\t\t\t\t\t\t\t<li><div  class=\"fusion-image-wrapper\" aria-haspopup=\"true\">\n\t\t\t\t<img decoding=\"async\" width=\"800\" height=\"520\" src=\"https:\/\/zbrush.dpi.upv.es\/wordpress\/wp-content\/uploads\/2020\/08\/asig1920-id.jpg\" class=\"attachment-full size-full wp-post-image\" alt=\"\" srcset=\"https:\/\/zbrush.dpi.upv.es\/wordpress\/wp-content\/uploads\/2020\/08\/asig1920-id-200x130.jpg 200w, https:\/\/zbrush.dpi.upv.es\/wordpress\/wp-content\/uploads\/2020\/08\/asig1920-id-400x260.jpg 400w, https:\/\/zbrush.dpi.upv.es\/wordpress\/wp-content\/uploads\/2020\/08\/asig1920-id-600x390.jpg 600w, https:\/\/zbrush.dpi.upv.es\/wordpress\/wp-content\/uploads\/2020\/08\/asig1920-id.jpg 800w\" sizes=\"(min-width: 2200px) 100vw, (min-width: 824px) 340px, (min-width: 732px) 510px, (min-width: 640px) 732px, \" \/><div class=\"fusion-rollover\">\n\t<div class=\"fusion-rollover-content\">\n\n\t\t\t\t\t\t\t\t\t\t\t\t\t\t<a class=\"fusion-rollover-link\" href=\"https:\/\/zbrush.dpi.upv.es\/wordpress\/asignatura-2019-2020-finalizada\/\">\u00a1Asignatura 2019-2020 finalizada!!<\/a>\n\t\t\t\n\t\t\t\t\t\t\t\t\t\t\t\t\t\t\n\t\t\t\t\t\t\t\t\n\t\t\t\t\t\t\t\t\t\t\t\t\t<div class=\"fusion-rollover-sep\"><\/div>\n\t\t\t\t\n\t\t\t\t\t\t\t\t\t\t\t\t\t\t\t\t\t\t<a class=\"fusion-rollover-gallery\" href=\"https:\/\/zbrush.dpi.upv.es\/wordpress\/wp-content\/uploads\/2020\/08\/asig1920-id.jpg\" data-options=\"\" data-id=\"8906\" data-rel=\"iLightbox[gallery]\" data-title=\"asig1920-id\" data-caption=\"\">\n\t\t\t\t\t\tGaler\u00eda\t\t\t\t\t<\/a>\n\t\t\t\t\t\t\t\t\t\t\t\t\t\t\n\t\t\n\t\t\t\t\t\t\t\t\t\t\t\t<h4 class=\"fusion-rollover-title\">\n\t\t\t\t\t<a class=\"fusion-rollover-title-link\" href=\"https:\/\/zbrush.dpi.upv.es\/wordpress\/asignatura-2019-2020-finalizada\/\">\n\t\t\t\t\t\t\u00a1Asignatura 2019-2020 finalizada!!\t\t\t\t\t<\/a>\n\t\t\t\t<\/h4>\n\t\t\t\n\t\t\t\t\t\t\t\t\n\t\t\n\t\t\t\t\t\t<a class=\"fusion-link-wrapper\" href=\"https:\/\/zbrush.dpi.upv.es\/wordpress\/asignatura-2019-2020-finalizada\/\" aria-label=\"\u00a1Asignatura 2019-2020 finalizada!!\"><\/a>\n\t<\/div>\n<\/div>\n<\/div>\n<\/li>\n\t\t\t\n\t\t\t\n\t\t\t\t\t\t\t\t\t\t\t\t\t\t\t\t\t\t\t\t\t\t\t\t\t\t\t\t\t\t\t\t\t\t\t\t\t\t\t\t\t\t\t\t\t\t\t\t\t\t\t\t\t\t\t\t\t\t\t\t\t\t\t\t\t\t\t\t<\/ul>\n\t<\/div>\n\t<div class=\"fusion-post-content-wrapper\" style=\"padding:30px 25px 20px 25px; display:none;\"><div class=\"fusion-post-content post-content\"><\/div><\/div><div class=\"fusion-clearfix\"><\/div><\/div>\n<\/article>\n<div class=\"fusion-clearfix\"><\/div><\/div><\/div><div class=\"fusion-title title fusion-title-2 fusion-title-text fusion-title-size-one\"><div class=\"title-sep-container title-sep-container-left fusion-no-large-visibility fusion-no-medium-visibility fusion-no-small-visibility\"><div class=\"title-sep sep-double sep-solid\" style=\"border-color:#e0dede;\"><\/div><\/div><span class=\"awb-title-spacer fusion-no-large-visibility fusion-no-medium-visibility fusion-no-small-visibility\"><\/span><h1 class=\"fusion-title-heading title-heading-left\" style=\"margin:0;\">TRABAJOS PREVIOS A 2019<\/h1><span class=\"awb-title-spacer\"><\/span><div class=\"title-sep-container title-sep-container-right\"><div class=\"title-sep sep-double sep-solid\" style=\"border-color:#e0dede;\"><\/div><\/div><\/div><div class=\"fusion-text fusion-text-2\" style=\"--awb-text-transform:none;\"><p><strong>M\u00c1STER 2018-2019<\/strong><\/p>\nngg_shortcode_0_placeholder\n<p><strong>M\u00c1STER 2017-2018<\/strong><\/p>\nngg_shortcode_1_placeholder\n<p><strong>M\u00c1STER 2016-2017<\/strong>ngg_shortcode_2_placeholder<\/p>\n<p><strong>IFAB 2015-2016<\/strong>ngg_shortcode_3_placeholder<\/p>\n<p><strong>M\u00c1STER 2015-2016<\/strong>ngg_shortcode_4_placeholder<\/p>\n<p><strong>M\u00c1STER 2014-2015<\/strong>ngg_shortcode_5_placeholder<\/p>\n<p><strong>M\u00c1STER 2013-2014<\/strong>ngg_shortcode_6_placeholder<\/p>\n<p><strong>M\u00c1STER 2012-2013<\/strong>ngg_shortcode_7_placeholder<\/p>\n<p><strong>M\u00c1STER 2011-2012<\/strong>ngg_shortcode_8_placeholder<\/p>\n<p><strong>CURSO CFP 2011-2012<\/strong>ngg_shortcode_9_placeholder<\/p>\n<p><strong>CURSO CFP 2010-2011<\/strong>ngg_shortcode_10_placeholder<\/p>\n<\/div><\/div><\/div><\/div><\/div>\n","protected":false},"excerpt":{"rendered":"","protected":false},"author":1,"featured_media":0,"parent":15,"menu_order":1,"comment_status":"closed","ping_status":"closed","template":"","meta":{"_bbp_topic_count":0,"_bbp_reply_count":0,"_bbp_total_topic_count":0,"_bbp_total_reply_count":0,"_bbp_voice_count":0,"_bbp_anonymous_reply_count":0,"_bbp_topic_count_hidden":0,"_bbp_reply_count_hidden":0,"_bbp_forum_subforum_count":0,"_eb_attr":"","ngg_post_thumbnail":0,"footnotes":""},"class_list":["post-150","page","type-page","status-publish","hentry"],"yoast_head":"<!-- This site is optimized with the Yoast SEO plugin v26.1.1 - https:\/\/yoast.com\/wordpress\/plugins\/seo\/ -->\n<title>Trabajos de alumnos - Cursos ZBrush UPV<\/title>\n<meta name=\"robots\" content=\"index, follow, max-snippet:-1, max-image-preview:large, max-video-preview:-1\" \/>\n<link rel=\"canonical\" href=\"https:\/\/zbrush.dpi.upv.es\/wordpress\/portafolio\/trabajos-de-alumnos\/\" class=\"yoast-seo-meta-tag\" \/>\n<meta property=\"og:locale\" content=\"es_ES\" class=\"yoast-seo-meta-tag\" \/>\n<meta property=\"og:type\" content=\"article\" class=\"yoast-seo-meta-tag\" \/>\n<meta property=\"og:title\" content=\"Trabajos de alumnos - Cursos ZBrush UPV\" class=\"yoast-seo-meta-tag\" \/>\n<meta property=\"og:url\" content=\"https:\/\/zbrush.dpi.upv.es\/wordpress\/portafolio\/trabajos-de-alumnos\/\" class=\"yoast-seo-meta-tag\" \/>\n<meta property=\"og:site_name\" content=\"Cursos ZBrush UPV\" class=\"yoast-seo-meta-tag\" \/>\n<meta property=\"article:modified_time\" content=\"2022-04-28T08:05:12+00:00\" class=\"yoast-seo-meta-tag\" \/>\n<meta name=\"twitter:card\" content=\"summary_large_image\" class=\"yoast-seo-meta-tag\" \/>\n<meta name=\"twitter:label1\" content=\"Tiempo de lectura\" class=\"yoast-seo-meta-tag\" \/>\n\t<meta name=\"twitter:data1\" content=\"5 minutos\" class=\"yoast-seo-meta-tag\" \/>\n<script type=\"application\/ld+json\" class=\"yoast-schema-graph\">{\"@context\":\"https:\/\/schema.org\",\"@graph\":[{\"@type\":\"WebPage\",\"@id\":\"https:\/\/zbrush.dpi.upv.es\/wordpress\/portafolio\/trabajos-de-alumnos\/\",\"url\":\"https:\/\/zbrush.dpi.upv.es\/wordpress\/portafolio\/trabajos-de-alumnos\/\",\"name\":\"Trabajos de alumnos - Cursos ZBrush UPV\",\"isPartOf\":{\"@id\":\"https:\/\/zbrush.dpi.upv.es\/wordpress\/#website\"},\"datePublished\":\"2010-12-01T09:31:51+00:00\",\"dateModified\":\"2022-04-28T08:05:12+00:00\",\"breadcrumb\":{\"@id\":\"https:\/\/zbrush.dpi.upv.es\/wordpress\/portafolio\/trabajos-de-alumnos\/#breadcrumb\"},\"inLanguage\":\"es\",\"potentialAction\":[{\"@type\":\"ReadAction\",\"target\":[\"https:\/\/zbrush.dpi.upv.es\/wordpress\/portafolio\/trabajos-de-alumnos\/\"]}]},{\"@type\":\"BreadcrumbList\",\"@id\":\"https:\/\/zbrush.dpi.upv.es\/wordpress\/portafolio\/trabajos-de-alumnos\/#breadcrumb\",\"itemListElement\":[{\"@type\":\"ListItem\",\"position\":1,\"name\":\"Portada\",\"item\":\"https:\/\/zbrush.dpi.upv.es\/wordpress\/\"},{\"@type\":\"ListItem\",\"position\":2,\"name\":\"Portafolio\",\"item\":\"https:\/\/zbrush.dpi.upv.es\/wordpress\/portafolio\/\"},{\"@type\":\"ListItem\",\"position\":3,\"name\":\"Trabajos de alumnos\"}]},{\"@type\":\"WebSite\",\"@id\":\"https:\/\/zbrush.dpi.upv.es\/wordpress\/#website\",\"url\":\"https:\/\/zbrush.dpi.upv.es\/wordpress\/\",\"name\":\"Cursos ZBrush UPV\",\"description\":\"P\u00e1gina de Jorge Alcaide sobre ZBrush y Digital Sculpting\",\"potentialAction\":[{\"@type\":\"SearchAction\",\"target\":{\"@type\":\"EntryPoint\",\"urlTemplate\":\"https:\/\/zbrush.dpi.upv.es\/wordpress\/?s={search_term_string}\"},\"query-input\":{\"@type\":\"PropertyValueSpecification\",\"valueRequired\":true,\"valueName\":\"search_term_string\"}}],\"inLanguage\":\"es\"}]}<\/script>\n<!-- \/ Yoast SEO plugin. -->","yoast_head_json":{"title":"Trabajos de alumnos - Cursos ZBrush UPV","robots":{"index":"index","follow":"follow","max-snippet":"max-snippet:-1","max-image-preview":"max-image-preview:large","max-video-preview":"max-video-preview:-1"},"canonical":"https:\/\/zbrush.dpi.upv.es\/wordpress\/portafolio\/trabajos-de-alumnos\/","og_locale":"es_ES","og_type":"article","og_title":"Trabajos de alumnos - Cursos ZBrush UPV","og_url":"https:\/\/zbrush.dpi.upv.es\/wordpress\/portafolio\/trabajos-de-alumnos\/","og_site_name":"Cursos ZBrush UPV","article_modified_time":"2022-04-28T08:05:12+00:00","twitter_card":"summary_large_image","twitter_misc":{"Tiempo de lectura":"5 minutos"},"schema":{"@context":"https:\/\/schema.org","@graph":[{"@type":"WebPage","@id":"https:\/\/zbrush.dpi.upv.es\/wordpress\/portafolio\/trabajos-de-alumnos\/","url":"https:\/\/zbrush.dpi.upv.es\/wordpress\/portafolio\/trabajos-de-alumnos\/","name":"Trabajos de alumnos - Cursos ZBrush UPV","isPartOf":{"@id":"https:\/\/zbrush.dpi.upv.es\/wordpress\/#website"},"datePublished":"2010-12-01T09:31:51+00:00","dateModified":"2022-04-28T08:05:12+00:00","breadcrumb":{"@id":"https:\/\/zbrush.dpi.upv.es\/wordpress\/portafolio\/trabajos-de-alumnos\/#breadcrumb"},"inLanguage":"es","potentialAction":[{"@type":"ReadAction","target":["https:\/\/zbrush.dpi.upv.es\/wordpress\/portafolio\/trabajos-de-alumnos\/"]}]},{"@type":"BreadcrumbList","@id":"https:\/\/zbrush.dpi.upv.es\/wordpress\/portafolio\/trabajos-de-alumnos\/#breadcrumb","itemListElement":[{"@type":"ListItem","position":1,"name":"Portada","item":"https:\/\/zbrush.dpi.upv.es\/wordpress\/"},{"@type":"ListItem","position":2,"name":"Portafolio","item":"https:\/\/zbrush.dpi.upv.es\/wordpress\/portafolio\/"},{"@type":"ListItem","position":3,"name":"Trabajos de alumnos"}]},{"@type":"WebSite","@id":"https:\/\/zbrush.dpi.upv.es\/wordpress\/#website","url":"https:\/\/zbrush.dpi.upv.es\/wordpress\/","name":"Cursos ZBrush UPV","description":"P\u00e1gina de Jorge Alcaide sobre ZBrush y Digital Sculpting","potentialAction":[{"@type":"SearchAction","target":{"@type":"EntryPoint","urlTemplate":"https:\/\/zbrush.dpi.upv.es\/wordpress\/?s={search_term_string}"},"query-input":{"@type":"PropertyValueSpecification","valueRequired":true,"valueName":"search_term_string"}}],"inLanguage":"es"}]}},"_links":{"self":[{"href":"https:\/\/zbrush.dpi.upv.es\/wordpress\/wp-json\/wp\/v2\/pages\/150","targetHints":{"allow":["GET"]}}],"collection":[{"href":"https:\/\/zbrush.dpi.upv.es\/wordpress\/wp-json\/wp\/v2\/pages"}],"about":[{"href":"https:\/\/zbrush.dpi.upv.es\/wordpress\/wp-json\/wp\/v2\/types\/page"}],"author":[{"embeddable":true,"href":"https:\/\/zbrush.dpi.upv.es\/wordpress\/wp-json\/wp\/v2\/users\/1"}],"replies":[{"embeddable":true,"href":"https:\/\/zbrush.dpi.upv.es\/wordpress\/wp-json\/wp\/v2\/comments?post=150"}],"version-history":[{"count":47,"href":"https:\/\/zbrush.dpi.upv.es\/wordpress\/wp-json\/wp\/v2\/pages\/150\/revisions"}],"predecessor-version":[{"id":151,"href":"https:\/\/zbrush.dpi.upv.es\/wordpress\/wp-json\/wp\/v2\/pages\/150\/revisions\/151"}],"up":[{"embeddable":true,"href":"https:\/\/zbrush.dpi.upv.es\/wordpress\/wp-json\/wp\/v2\/pages\/15"}],"wp:attachment":[{"href":"https:\/\/zbrush.dpi.upv.es\/wordpress\/wp-json\/wp\/v2\/media?parent=150"}],"curies":[{"name":"wp","href":"https:\/\/api.w.org\/{rel}","templated":true}]}}